{"id":121258,"date":"2023-11-07T11:54:10","date_gmt":"2023-11-07T11:54:10","guid":{"rendered":"https:\/\/www.propromo.ee\/product\/swiss-peak-luksuslik-pliiatsikomplekt-pu-kotis\/"},"modified":"2023-11-07T11:54:10","modified_gmt":"2023-11-07T11:54:10","slug":"swiss-peak-deluxe-pliiatsikomplekt","status":"publish","type":"product","link":"https:\/\/www.propromo.ee\/et\/toode\/swiss-peak-deluxe-pliiatsikomplekt\/","title":{"rendered":"Swiss Peak luksuslik pliiatsikomplekt PU kotis"},"content":{"rendered":"<p>See luksuslik Swiss Peak pliiatsikomplekt sisaldab \u00fcht pasta- ja tindipliiatsit, et pakkuda t\u00e4ielikku kirjutamiskogemust. M\u00f5lemal selles kinkekomplektis sisalduval esemel on kvaliteetne alumiiniumtoru ja kaunis matt metallist viimistlus. Iga pliiats sisaldab sinist dokumentaaltinti. Pastapliiatsi kirjutuspikkus on 1200 meetrit ja tindipliiatsil 400 meetrit. Pliiatsikomplekt on luksuslikus PU-kotis ja mustas kinkekarbis.    <\/p>\n","protected":false},"excerpt":{"rendered":"<p>See luksuslik Swiss Peak pliiatsikomplekt sisaldab \u00fcht pasta- ja tindipliiatsit, et pakkuda t\u00e4ielikku kirjutamiskogemust. M\u00f5lemal selles kinkekomplektis sisalduval esemel on kvaliteetne alumiiniumtoru ja kaunis matt metallist viimistlus. Iga pliiats sisaldab sinist dokumentaaltinti. Pastapliiatsi kirjutuspikkus on 1200 meetrit ja tindipliiatsil 400 meetrit. Pliiatsikomplekt on luksuslikus PU-kotis ja mustas kinkekarbis.    <\/p>\n","protected":false},"featured_media":100393,"comment_status":"closed","ping_status":"open","template":"","meta":[],"product_brand":[],"product_cat":[15],"product_tag":[],"class_list":{"0":"post-121258","1":"product","2":"type-product","3":"status-publish","4":"has-post-thumbnail","6":"product_cat-uncategorized","8":"first","9":"instock","10":"taxable","11":"shipping-taxable","12":"purchasable","13":"product-type-simple"},"_links":{"self":[{"href":"https:\/\/www.propromo.ee\/et\/wp-json\/wp\/v2\/product\/121258","targetHints":{"allow":["GET"]}}],"collection":[{"href":"https:\/\/www.propromo.ee\/et\/wp-json\/wp\/v2\/product"}],"about":[{"href":"https:\/\/www.propromo.ee\/et\/wp-json\/wp\/v2\/types\/product"}],"replies":[{"embeddable":true,"href":"https:\/\/www.propromo.ee\/et\/wp-json\/wp\/v2\/comments?post=121258"}],"wp:featuredmedia":[{"embeddable":true,"href":"https:\/\/www.propromo.ee\/et\/wp-json\/wp\/v2\/media\/100393"}],"wp:attachment":[{"href":"https:\/\/www.propromo.ee\/et\/wp-json\/wp\/v2\/media?parent=121258"}],"wp:term":[{"taxonomy":"product_brand","embeddable":true,"href":"https:\/\/www.propromo.ee\/et\/wp-json\/wp\/v2\/product_brand?post=121258"},{"taxonomy":"product_cat","embeddable":true,"href":"https:\/\/www.propromo.ee\/et\/wp-json\/wp\/v2\/product_cat?post=121258"},{"taxonomy":"product_tag","embeddable":true,"href":"https:\/\/www.propromo.ee\/et\/wp-json\/wp\/v2\/product_tag?post=121258"}],"curies":[{"name":"wp","href":"https:\/\/api.w.org\/{rel}","templated":true}]}}