{"id":121259,"date":"2023-11-07T11:54:10","date_gmt":"2023-11-07T11:54:10","guid":{"rendered":"https:\/\/www.propromo.ee\/product\/pynn-bambusest-lopmatuse-pliiats\/"},"modified":"2023-11-07T11:54:10","modified_gmt":"2023-11-07T11:54:10","slug":"pynn-bambus-lopmatuse-pliiats","status":"publish","type":"product","link":"https:\/\/www.propromo.ee\/et\/toode\/pynn-bambus-lopmatuse-pliiats\/","title":{"rendered":"Pynn bambusest l\u00f5pmatuse pliiats"},"content":{"rendered":"<p>See Pynn infinity pliiats kestab kauem kui tavalised 100 pliiatsit! Selle kirjutamispikkus on umbes kuni 20 000 meetrit, kasutades grafiitjoont. See mitte ainult ei kirjuta nagu pliiats, vaid ka m\u00e4rgiseid saab kustutada. Sisset\u00f5mmatava otsaga, et saaksite selle h\u00f5lpsalt kotti pista. FSC\u00ae kraft kinke\u00fcmbrises.    <\/p>\n","protected":false},"excerpt":{"rendered":"<p>See Pynn infinity pliiats kestab kauem kui tavalised 100 pliiatsit! Selle kirjutamispikkus on umbes kuni 20 000 meetrit, kasutades grafiitjoont. See mitte ainult ei kirjuta nagu pliiats, vaid ka m\u00e4rgiseid saab kustutada. Sisset\u00f5mmatava otsaga, et saaksite selle h\u00f5lpsalt kotti pista. FSC\u00ae kraft kinke\u00fcmbrises.    <\/p>\n","protected":false},"featured_media":100379,"comment_status":"closed","ping_status":"open","template":"","meta":[],"product_brand":[],"product_cat":[15],"product_tag":[],"class_list":{"0":"post-121259","1":"product","2":"type-product","3":"status-publish","4":"has-post-thumbnail","6":"product_cat-uncategorized","8":"first","9":"outofstock","10":"taxable","11":"shipping-taxable","12":"purchasable","13":"product-type-simple"},"_links":{"self":[{"href":"https:\/\/www.propromo.ee\/et\/wp-json\/wp\/v2\/product\/121259","targetHints":{"allow":["GET"]}}],"collection":[{"href":"https:\/\/www.propromo.ee\/et\/wp-json\/wp\/v2\/product"}],"about":[{"href":"https:\/\/www.propromo.ee\/et\/wp-json\/wp\/v2\/types\/product"}],"replies":[{"embeddable":true,"href":"https:\/\/www.propromo.ee\/et\/wp-json\/wp\/v2\/comments?post=121259"}],"wp:featuredmedia":[{"embeddable":true,"href":"https:\/\/www.propromo.ee\/et\/wp-json\/wp\/v2\/media\/100379"}],"wp:attachment":[{"href":"https:\/\/www.propromo.ee\/et\/wp-json\/wp\/v2\/media?parent=121259"}],"wp:term":[{"taxonomy":"product_brand","embeddable":true,"href":"https:\/\/www.propromo.ee\/et\/wp-json\/wp\/v2\/product_brand?post=121259"},{"taxonomy":"product_cat","embeddable":true,"href":"https:\/\/www.propromo.ee\/et\/wp-json\/wp\/v2\/product_cat?post=121259"},{"taxonomy":"product_tag","embeddable":true,"href":"https:\/\/www.propromo.ee\/et\/wp-json\/wp\/v2\/product_tag?post=121259"}],"curies":[{"name":"wp","href":"https:\/\/api.w.org\/{rel}","templated":true}]}}