{"id":121370,"date":"2023-11-07T11:36:21","date_gmt":"2023-11-07T11:36:21","guid":{"rendered":"https:\/\/www.propromo.ee\/product\/moodne-bambusest-pastapliiats\/"},"modified":"2023-11-07T11:36:21","modified_gmt":"2023-11-07T11:36:21","slug":"moodne-bambus-pastapliiats","status":"publish","type":"product","link":"https:\/\/www.propromo.ee\/et\/toode\/moodne-bambus-pastapliiats\/","title":{"rendered":"Moodne bambusest pastapliiats"},"content":{"rendered":"<p>\u00dchendage moodne stiil suurep\u00e4rase kirjutamismugavusega. See p\u00f6\u00f6rdmehhanismiga pastapliiats on valmistatud bambusest ja ABS-st ning mattmetallist viimistlusega \u00fclemine osa. Pliiats on varustatud sinise Saksa Dokumental\u00ae tindiga, kirjutuspikkus 1200 meetrit.  <\/p>\n","protected":false},"excerpt":{"rendered":"<p>\u00dchendage moodne stiil suurep\u00e4rase kirjutamismugavusega. See p\u00f6\u00f6rdmehhanismiga pastapliiats on valmistatud bambusest ja ABS-st ning mattmetallist viimistlusega \u00fclemine osa. Pliiats on varustatud sinise Saksa Dokumental\u00ae tindiga, kirjutuspikkus 1200 meetrit.  <\/p>\n","protected":false},"featured_media":99173,"comment_status":"closed","ping_status":"open","template":"","meta":[],"product_brand":[],"product_cat":[15],"product_tag":[],"class_list":{"0":"post-121370","1":"product","2":"type-product","3":"status-publish","4":"has-post-thumbnail","6":"product_cat-uncategorized","8":"first","9":"outofstock","10":"taxable","11":"shipping-taxable","12":"purchasable","13":"product-type-simple"},"_links":{"self":[{"href":"https:\/\/www.propromo.ee\/et\/wp-json\/wp\/v2\/product\/121370","targetHints":{"allow":["GET"]}}],"collection":[{"href":"https:\/\/www.propromo.ee\/et\/wp-json\/wp\/v2\/product"}],"about":[{"href":"https:\/\/www.propromo.ee\/et\/wp-json\/wp\/v2\/types\/product"}],"replies":[{"embeddable":true,"href":"https:\/\/www.propromo.ee\/et\/wp-json\/wp\/v2\/comments?post=121370"}],"wp:featuredmedia":[{"embeddable":true,"href":"https:\/\/www.propromo.ee\/et\/wp-json\/wp\/v2\/media\/99173"}],"wp:attachment":[{"href":"https:\/\/www.propromo.ee\/et\/wp-json\/wp\/v2\/media?parent=121370"}],"wp:term":[{"taxonomy":"product_brand","embeddable":true,"href":"https:\/\/www.propromo.ee\/et\/wp-json\/wp\/v2\/product_brand?post=121370"},{"taxonomy":"product_cat","embeddable":true,"href":"https:\/\/www.propromo.ee\/et\/wp-json\/wp\/v2\/product_cat?post=121370"},{"taxonomy":"product_tag","embeddable":true,"href":"https:\/\/www.propromo.ee\/et\/wp-json\/wp\/v2\/product_tag?post=121370"}],"curies":[{"name":"wp","href":"https:\/\/api.w.org\/{rel}","templated":true}]}}