{"id":148387,"date":"2024-01-09T23:44:40","date_gmt":"2024-01-09T23:44:40","guid":{"rendered":"https:\/\/www.propromo.ee\/product\/victoria-luhikeste-varrukatega-naiste-v-kaelusega-t-sark\/"},"modified":"2024-01-14T12:23:05","modified_gmt":"2024-01-14T12:23:05","slug":"victoria-luhikeste-varrukatega-naiste-v-kaelusega-t-sark","status":"publish","type":"product","link":"https:\/\/www.propromo.ee\/et\/toode\/victoria-luhikeste-varrukatega-naiste-v-kaelusega-t-sark\/","title":{"rendered":"Victoria l\u00fchikeste varrukatega naiste v-kaelusega T-s\u00e4rk"},"content":{"rendered":"<p>V-kaelusega l\u00fchikeste varrukatega naiste t-s\u00e4rk 1&#215;1 soonikuga. Taljesse k\u00fclje\u00f5mblused. Eemaldatav etikett. Modell on 174 cm pikk ja kannab suurust S.   <\/p>\n","protected":false},"excerpt":{"rendered":"<p>V-kaelusega l\u00fchikeste varrukatega naiste t-s\u00e4rk 1&#215;1 soonikuga. Taljesse k\u00fclje\u00f5mblused. Eemaldatav etikett. Modell on 174 cm pikk ja kannab suurust S.   <\/p>\n","protected":false},"featured_media":0,"comment_status":"closed","ping_status":"open","template":"","meta":[],"product_brand":[],"product_cat":[15],"product_tag":[],"class_list":{"0":"post-148387","1":"product","2":"type-product","3":"status-publish","5":"product_cat-uncategorized","7":"first","8":"instock","9":"taxable","10":"shipping-taxable","11":"purchasable","12":"product-type-variable"},"_links":{"self":[{"href":"https:\/\/www.propromo.ee\/et\/wp-json\/wp\/v2\/product\/148387","targetHints":{"allow":["GET"]}}],"collection":[{"href":"https:\/\/www.propromo.ee\/et\/wp-json\/wp\/v2\/product"}],"about":[{"href":"https:\/\/www.propromo.ee\/et\/wp-json\/wp\/v2\/types\/product"}],"replies":[{"embeddable":true,"href":"https:\/\/www.propromo.ee\/et\/wp-json\/wp\/v2\/comments?post=148387"}],"wp:attachment":[{"href":"https:\/\/www.propromo.ee\/et\/wp-json\/wp\/v2\/media?parent=148387"}],"wp:term":[{"taxonomy":"product_brand","embeddable":true,"href":"https:\/\/www.propromo.ee\/et\/wp-json\/wp\/v2\/product_brand?post=148387"},{"taxonomy":"product_cat","embeddable":true,"href":"https:\/\/www.propromo.ee\/et\/wp-json\/wp\/v2\/product_cat?post=148387"},{"taxonomy":"product_tag","embeddable":true,"href":"https:\/\/www.propromo.ee\/et\/wp-json\/wp\/v2\/product_tag?post=148387"}],"curies":[{"name":"wp","href":"https:\/\/api.w.org\/{rel}","templated":true}]}}