{"id":149040,"date":"2024-01-09T04:03:57","date_gmt":"2024-01-09T04:03:57","guid":{"rendered":"https:\/\/www.propromo.ee\/product\/parker-classic-markmiku-ja-parkeri-pliiatsi-kinkekarp\/"},"modified":"2024-01-09T04:03:57","modified_gmt":"2024-01-09T04:03:57","slug":"parker-classic-markmiku-ja-parkeri-pliiatsi-kinkekarp","status":"publish","type":"product","link":"https:\/\/www.propromo.ee\/et\/toode\/parker-classic-markmiku-ja-parkeri-pliiatsi-kinkekarp\/","title":{"rendered":"Parker Classic m\u00e4rkmiku ja Parkeri pliiatsi kinkekarp"},"content":{"rendered":"<p>Eksklusiivse disainiga m\u00e4rkmiku ja pliiatsi kinkekarp. Iga Parker Jotteri pliiatsit saab kombineerida JournalBooks Classic k\u00f5vakaanelise (106181) v\u00f5i Nova k\u00f6ites m\u00e4rkmikuga (107395). M\u00e4rkmik ja kiurjutusvahend ei kuulu komplekti ja tuleb eradi juurde osta.  <\/p>\n","protected":false},"excerpt":{"rendered":"<p>Eksklusiivse disainiga m\u00e4rkmiku ja pliiatsi kinkekarp. Iga Parker Jotteri pliiatsit saab kombineerida JournalBooks Classic k\u00f5vakaanelise (106181) v\u00f5i Nova k\u00f6ites m\u00e4rkmikuga (107395). M\u00e4rkmik ja kiurjutusvahend ei kuulu komplekti ja tuleb eradi juurde osta.  <\/p>\n","protected":false},"featured_media":45463,"comment_status":"closed","ping_status":"open","template":"","meta":[],"product_brand":[],"product_cat":[15],"product_tag":[],"class_list":{"0":"post-149040","1":"product","2":"type-product","3":"status-publish","4":"has-post-thumbnail","6":"product_cat-uncategorized","8":"first","9":"instock","10":"taxable","11":"shipping-taxable","12":"purchasable","13":"product-type-simple"},"_links":{"self":[{"href":"https:\/\/www.propromo.ee\/et\/wp-json\/wp\/v2\/product\/149040","targetHints":{"allow":["GET"]}}],"collection":[{"href":"https:\/\/www.propromo.ee\/et\/wp-json\/wp\/v2\/product"}],"about":[{"href":"https:\/\/www.propromo.ee\/et\/wp-json\/wp\/v2\/types\/product"}],"replies":[{"embeddable":true,"href":"https:\/\/www.propromo.ee\/et\/wp-json\/wp\/v2\/comments?post=149040"}],"wp:featuredmedia":[{"embeddable":true,"href":"https:\/\/www.propromo.ee\/et\/wp-json\/wp\/v2\/media\/45463"}],"wp:attachment":[{"href":"https:\/\/www.propromo.ee\/et\/wp-json\/wp\/v2\/media?parent=149040"}],"wp:term":[{"taxonomy":"product_brand","embeddable":true,"href":"https:\/\/www.propromo.ee\/et\/wp-json\/wp\/v2\/product_brand?post=149040"},{"taxonomy":"product_cat","embeddable":true,"href":"https:\/\/www.propromo.ee\/et\/wp-json\/wp\/v2\/product_cat?post=149040"},{"taxonomy":"product_tag","embeddable":true,"href":"https:\/\/www.propromo.ee\/et\/wp-json\/wp\/v2\/product_tag?post=149040"}],"curies":[{"name":"wp","href":"https:\/\/api.w.org\/{rel}","templated":true}]}}