{"id":149095,"date":"2024-01-07T19:49:10","date_gmt":"2024-01-07T19:49:10","guid":{"rendered":"https:\/\/www.propromo.ee\/product\/streaks-8-osaline-varvimiskomplekt\/"},"modified":"2024-01-14T11:52:13","modified_gmt":"2024-01-14T11:52:13","slug":"streaks-8-osaline-varvimiskomplekt","status":"publish","type":"product","link":"https:\/\/www.propromo.ee\/et\/toode\/streaks-8-osaline-varvimiskomplekt\/","title":{"rendered":"Streaks 8-osaline v\u00e4rvimiskomplekt"},"content":{"rendered":"<p>6 v\u00e4rvilist pliiatsit, teritaja ja v\u00e4rvimisraamat. <\/p>\n","protected":false},"excerpt":{"rendered":"<p>6 v\u00e4rvilist pliiatsit, teritaja ja v\u00e4rvimisraamat. <\/p>\n","protected":false},"featured_media":8879,"comment_status":"closed","ping_status":"open","template":"","meta":[],"product_brand":[],"product_cat":[15],"product_tag":[],"class_list":{"0":"post-149095","1":"product","2":"type-product","3":"status-publish","4":"has-post-thumbnail","6":"product_cat-uncategorized","8":"first","9":"instock","10":"taxable","11":"shipping-taxable","12":"purchasable","13":"product-type-simple"},"_links":{"self":[{"href":"https:\/\/www.propromo.ee\/et\/wp-json\/wp\/v2\/product\/149095","targetHints":{"allow":["GET"]}}],"collection":[{"href":"https:\/\/www.propromo.ee\/et\/wp-json\/wp\/v2\/product"}],"about":[{"href":"https:\/\/www.propromo.ee\/et\/wp-json\/wp\/v2\/types\/product"}],"replies":[{"embeddable":true,"href":"https:\/\/www.propromo.ee\/et\/wp-json\/wp\/v2\/comments?post=149095"}],"wp:featuredmedia":[{"embeddable":true,"href":"https:\/\/www.propromo.ee\/et\/wp-json\/wp\/v2\/media\/8879"}],"wp:attachment":[{"href":"https:\/\/www.propromo.ee\/et\/wp-json\/wp\/v2\/media?parent=149095"}],"wp:term":[{"taxonomy":"product_brand","embeddable":true,"href":"https:\/\/www.propromo.ee\/et\/wp-json\/wp\/v2\/product_brand?post=149095"},{"taxonomy":"product_cat","embeddable":true,"href":"https:\/\/www.propromo.ee\/et\/wp-json\/wp\/v2\/product_cat?post=149095"},{"taxonomy":"product_tag","embeddable":true,"href":"https:\/\/www.propromo.ee\/et\/wp-json\/wp\/v2\/product_tag?post=149095"}],"curies":[{"name":"wp","href":"https:\/\/api.w.org\/{rel}","templated":true}]}}