{"id":149362,"date":"2024-01-09T23:31:23","date_gmt":"2024-01-09T23:31:23","guid":{"rendered":"https:\/\/www.propromo.ee\/product\/staffordi-luhikeste-varrukatega-laste-t-sark\/"},"modified":"2024-01-15T06:33:23","modified_gmt":"2024-01-15T06:33:23","slug":"staffordi-luhikeste-varrukatega-laste-t-sark","status":"publish","type":"product","link":"https:\/\/www.propromo.ee\/et\/toode\/staffordi-luhikeste-varrukatega-laste-t-sark\/","title":{"rendered":"Staffordi l\u00fchikeste varrukatega laste T-s\u00e4rk"},"content":{"rendered":"<p>Torujas l\u00fchikeste varrukatega T-s\u00e4rk. Kaelus elastaaniga. K\u00fclje\u00f5mblused. Eemaldatav etikett.   <\/p>\n","protected":false},"excerpt":{"rendered":"<p>Torujas l\u00fchikeste varrukatega T-s\u00e4rk. Kaelus elastaaniga. K\u00fclje\u00f5mblused. Eemaldatav etikett.   <\/p>\n","protected":false},"featured_media":0,"comment_status":"closed","ping_status":"closed","template":"","meta":[],"product_brand":[],"product_cat":[15],"product_tag":[],"class_list":{"0":"post-149362","1":"product","2":"type-product","3":"status-publish","5":"product_cat-uncategorized","7":"first","8":"instock","9":"taxable","10":"shipping-taxable","11":"purchasable","12":"product-type-variable"},"_links":{"self":[{"href":"https:\/\/www.propromo.ee\/et\/wp-json\/wp\/v2\/product\/149362","targetHints":{"allow":["GET"]}}],"collection":[{"href":"https:\/\/www.propromo.ee\/et\/wp-json\/wp\/v2\/product"}],"about":[{"href":"https:\/\/www.propromo.ee\/et\/wp-json\/wp\/v2\/types\/product"}],"replies":[{"embeddable":true,"href":"https:\/\/www.propromo.ee\/et\/wp-json\/wp\/v2\/comments?post=149362"}],"wp:attachment":[{"href":"https:\/\/www.propromo.ee\/et\/wp-json\/wp\/v2\/media?parent=149362"}],"wp:term":[{"taxonomy":"product_brand","embeddable":true,"href":"https:\/\/www.propromo.ee\/et\/wp-json\/wp\/v2\/product_brand?post=149362"},{"taxonomy":"product_cat","embeddable":true,"href":"https:\/\/www.propromo.ee\/et\/wp-json\/wp\/v2\/product_cat?post=149362"},{"taxonomy":"product_tag","embeddable":true,"href":"https:\/\/www.propromo.ee\/et\/wp-json\/wp\/v2\/product_tag?post=149362"}],"curies":[{"name":"wp","href":"https:\/\/api.w.org\/{rel}","templated":true}]}}