{"id":149779,"date":"2024-01-09T23:08:36","date_gmt":"2024-01-09T23:08:36","guid":{"rendered":"https:\/\/www.propromo.ee\/product\/montecarlo-luhikeste-varrukatega-laste-spordisark\/"},"modified":"2024-01-09T23:08:36","modified_gmt":"2024-01-09T23:08:36","slug":"montecarlo-luhikeste-varrukatega-laste-spordisark","status":"publish","type":"product","link":"https:\/\/www.propromo.ee\/et\/toode\/montecarlo-luhikeste-varrukatega-laste-spordisark\/","title":{"rendered":"Montecarlo l\u00fchikeste varrukatega laste spordis\u00e4rk"},"content":{"rendered":"<p>L\u00fchikeste varrukatega tehniline raglan stiilis T-s\u00e4rk. P\u00f6\u00f6rdkaelus kaetud \u00f5mblustega. Sobiva overlok-\u00f5mblusega k\u00fcljel\u00f5hikud. Kergesti pestav ja kuivatatav hingav kangas. Eemaldatav etikett. Tehniline kangas. Ultraviolettkiirguse kaitsefaktor.      <\/p>\n","protected":false},"excerpt":{"rendered":"<p>L\u00fchikeste varrukatega tehniline raglan stiilis T-s\u00e4rk. P\u00f6\u00f6rdkaelus kaetud \u00f5mblustega. Sobiva overlok-\u00f5mblusega k\u00fcljel\u00f5hikud. Kergesti pestav ja kuivatatav hingav kangas. Eemaldatav etikett. Tehniline kangas. Ultraviolettkiirguse kaitsefaktor.      <\/p>\n","protected":false},"featured_media":0,"comment_status":"closed","ping_status":"closed","template":"","meta":[],"product_brand":[],"product_cat":[15],"product_tag":[],"class_list":{"0":"post-149779","1":"product","2":"type-product","3":"status-publish","5":"product_cat-uncategorized","7":"first","8":"instock","9":"taxable","10":"shipping-taxable","11":"purchasable","12":"product-type-variable"},"_links":{"self":[{"href":"https:\/\/www.propromo.ee\/et\/wp-json\/wp\/v2\/product\/149779","targetHints":{"allow":["GET"]}}],"collection":[{"href":"https:\/\/www.propromo.ee\/et\/wp-json\/wp\/v2\/product"}],"about":[{"href":"https:\/\/www.propromo.ee\/et\/wp-json\/wp\/v2\/types\/product"}],"replies":[{"embeddable":true,"href":"https:\/\/www.propromo.ee\/et\/wp-json\/wp\/v2\/comments?post=149779"}],"wp:attachment":[{"href":"https:\/\/www.propromo.ee\/et\/wp-json\/wp\/v2\/media?parent=149779"}],"wp:term":[{"taxonomy":"product_brand","embeddable":true,"href":"https:\/\/www.propromo.ee\/et\/wp-json\/wp\/v2\/product_brand?post=149779"},{"taxonomy":"product_cat","embeddable":true,"href":"https:\/\/www.propromo.ee\/et\/wp-json\/wp\/v2\/product_cat?post=149779"},{"taxonomy":"product_tag","embeddable":true,"href":"https:\/\/www.propromo.ee\/et\/wp-json\/wp\/v2\/product_tag?post=149779"}],"curies":[{"name":"wp","href":"https:\/\/api.w.org\/{rel}","templated":true}]}}