{"id":150233,"date":"2024-01-09T22:55:34","date_gmt":"2024-01-09T22:55:34","guid":{"rendered":"https:\/\/www.propromo.ee\/product\/golden-luhikeste-varrukatega-meeste-t-sark\/"},"modified":"2024-01-09T22:55:34","modified_gmt":"2024-01-09T22:55:34","slug":"golden-luhikeste-varrukatega-meeste-t-sark","status":"publish","type":"product","link":"https:\/\/www.propromo.ee\/et\/toode\/golden-luhikeste-varrukatega-meeste-t-sark\/","title":{"rendered":"Golden l\u00fchikeste varrukatega meeste T-s\u00e4rk"},"content":{"rendered":"<p>Orgaanilisest puuvillast l\u00fchikeste varrukatega T-s\u00e4rk. P\u00f6\u00f6rdkaelus 1&#215;1 soonikuga. Dekoratiivsed \u00f5mblused all\u00e4\u00e4rel ja varrukatel. Eemaldatav etikett.    <\/p>\n","protected":false},"excerpt":{"rendered":"<p>Orgaanilisest puuvillast l\u00fchikeste varrukatega T-s\u00e4rk. P\u00f6\u00f6rdkaelus 1&#215;1 soonikuga. Dekoratiivsed \u00f5mblused all\u00e4\u00e4rel ja varrukatel. Eemaldatav etikett.    <\/p>\n","protected":false},"featured_media":0,"comment_status":"closed","ping_status":"open","template":"","meta":[],"product_brand":[],"product_cat":[15],"product_tag":[],"class_list":{"0":"post-150233","1":"product","2":"type-product","3":"status-publish","5":"product_cat-uncategorized","7":"first","8":"instock","9":"taxable","10":"shipping-taxable","11":"purchasable","12":"product-type-variable"},"_links":{"self":[{"href":"https:\/\/www.propromo.ee\/et\/wp-json\/wp\/v2\/product\/150233","targetHints":{"allow":["GET"]}}],"collection":[{"href":"https:\/\/www.propromo.ee\/et\/wp-json\/wp\/v2\/product"}],"about":[{"href":"https:\/\/www.propromo.ee\/et\/wp-json\/wp\/v2\/types\/product"}],"replies":[{"embeddable":true,"href":"https:\/\/www.propromo.ee\/et\/wp-json\/wp\/v2\/comments?post=150233"}],"wp:attachment":[{"href":"https:\/\/www.propromo.ee\/et\/wp-json\/wp\/v2\/media?parent=150233"}],"wp:term":[{"taxonomy":"product_brand","embeddable":true,"href":"https:\/\/www.propromo.ee\/et\/wp-json\/wp\/v2\/product_brand?post=150233"},{"taxonomy":"product_cat","embeddable":true,"href":"https:\/\/www.propromo.ee\/et\/wp-json\/wp\/v2\/product_cat?post=150233"},{"taxonomy":"product_tag","embeddable":true,"href":"https:\/\/www.propromo.ee\/et\/wp-json\/wp\/v2\/product_tag?post=150233"}],"curies":[{"name":"wp","href":"https:\/\/api.w.org\/{rel}","templated":true}]}}