{"id":151923,"date":"2024-01-08T22:43:04","date_gmt":"2024-01-08T22:43:04","guid":{"rendered":"https:\/\/www.propromo.ee\/product\/niagara-luhikeste-varrukatega-naiste-stiilne-t-sark\/"},"modified":"2024-01-08T22:43:04","modified_gmt":"2024-01-08T22:43:04","slug":"niagara-luhikeste-varrukatega-naiste-stiilne-t-sark","status":"publish","type":"product","link":"https:\/\/www.propromo.ee\/et\/toode\/niagara-luhikeste-varrukatega-naiste-stiilne-t-sark\/","title":{"rendered":"Niagara l\u00fchikeste varrukatega naiste stiilne T-s\u00e4rk"},"content":{"rendered":"<p>Niagara l\u00fchikeste varrukatega naiste T-s\u00e4rk sobib suurep\u00e4raselt igaks aktiivseks s\u00fcndmuseks. 100% hingavast ja niiskust imavast 145 g\/m\u00b2 pol\u00fcesterkangast valmistatud T-s\u00e4rk aitab hoida sind jahedana ja kuivana. Raglaanvarrukad ja soojus\u00fclekandes tehtud kaelasilt annavad t\u00e4iendava liikumisvabaduse, samas ei \u00e4rrita nahka. Ohutuse tagamiseks on n\u00e4htavuse suurendamiseks lisatud helkurdetailid.   <\/p>\n","protected":false},"excerpt":{"rendered":"<p>Niagara l\u00fchikeste varrukatega naiste T-s\u00e4rk sobib suurep\u00e4raselt igaks aktiivseks s\u00fcndmuseks. 100% hingavast ja niiskust imavast 145 g\/m\u00b2 pol\u00fcesterkangast valmistatud T-s\u00e4rk aitab hoida sind jahedana ja kuivana. Raglaanvarrukad ja soojus\u00fclekandes tehtud kaelasilt annavad t\u00e4iendava liikumisvabaduse, samas ei \u00e4rrita nahka. Ohutuse tagamiseks on n\u00e4htavuse suurendamiseks lisatud helkurdetailid.   <\/p>\n","protected":false},"featured_media":0,"comment_status":"closed","ping_status":"open","template":"","meta":[],"product_brand":[],"product_cat":[15],"product_tag":[],"class_list":{"0":"post-151923","1":"product","2":"type-product","3":"status-publish","5":"product_cat-uncategorized","7":"first","8":"instock","9":"taxable","10":"shipping-taxable","11":"purchasable","12":"product-type-variable"},"_links":{"self":[{"href":"https:\/\/www.propromo.ee\/et\/wp-json\/wp\/v2\/product\/151923","targetHints":{"allow":["GET"]}}],"collection":[{"href":"https:\/\/www.propromo.ee\/et\/wp-json\/wp\/v2\/product"}],"about":[{"href":"https:\/\/www.propromo.ee\/et\/wp-json\/wp\/v2\/types\/product"}],"replies":[{"embeddable":true,"href":"https:\/\/www.propromo.ee\/et\/wp-json\/wp\/v2\/comments?post=151923"}],"wp:attachment":[{"href":"https:\/\/www.propromo.ee\/et\/wp-json\/wp\/v2\/media?parent=151923"}],"wp:term":[{"taxonomy":"product_brand","embeddable":true,"href":"https:\/\/www.propromo.ee\/et\/wp-json\/wp\/v2\/product_brand?post=151923"},{"taxonomy":"product_cat","embeddable":true,"href":"https:\/\/www.propromo.ee\/et\/wp-json\/wp\/v2\/product_cat?post=151923"},{"taxonomy":"product_tag","embeddable":true,"href":"https:\/\/www.propromo.ee\/et\/wp-json\/wp\/v2\/product_tag?post=151923"}],"curies":[{"name":"wp","href":"https:\/\/api.w.org\/{rel}","templated":true}]}}