{"id":151963,"date":"2024-01-08T22:02:14","date_gmt":"2024-01-08T22:02:14","guid":{"rendered":"https:\/\/www.propromo.ee\/product\/heros-luhikeste-varrukatega-meeste-t-sark\/"},"modified":"2024-01-14T20:51:33","modified_gmt":"2024-01-14T20:51:33","slug":"heros-luhikeste-varrukatega-meeste-t-sark","status":"publish","type":"product","link":"https:\/\/www.propromo.ee\/et\/toode\/heros-luhikeste-varrukatega-meeste-t-sark\/","title":{"rendered":"Heros l\u00fchikeste varrukatega meeste T-s\u00e4rk"},"content":{"rendered":"<p>Heros l\u00fchikeste varrukatega meeste T-s\u00e4rk sobib suurep\u00e4raselt k\u00f5ikideks s\u00fcndmusteks. L\u00fchikesed varrukad ja keermestatud kaelus tagavad mitmek\u00fclgse ja korrap\u00e4rase istuvuse, mist\u00f5ttu sobib see erinevate tegevuste jaoks. Valmistatud 150 g\/m\u00b2 puuvillast, see on kerge ja mugav kanda. Lisaks on puuvillane materjal katsudes pehme ja ideaalne kvaliteetse kaubam\u00e4rgi jaoks.    <\/p>\n","protected":false},"excerpt":{"rendered":"<p>Heros l\u00fchikeste varrukatega meeste T-s\u00e4rk sobib suurep\u00e4raselt k\u00f5ikideks s\u00fcndmusteks. L\u00fchikesed varrukad ja keermestatud kaelus tagavad mitmek\u00fclgse ja korrap\u00e4rase istuvuse, mist\u00f5ttu sobib see erinevate tegevuste jaoks. Valmistatud 150 g\/m\u00b2 puuvillast, see on kerge ja mugav kanda. Lisaks on puuvillane materjal katsudes pehme ja ideaalne kvaliteetse kaubam\u00e4rgi jaoks.    <\/p>\n","protected":false},"featured_media":0,"comment_status":"closed","ping_status":"open","template":"","meta":[],"product_brand":[],"product_cat":[15],"product_tag":[],"class_list":{"0":"post-151963","1":"product","2":"type-product","3":"status-publish","5":"product_cat-uncategorized","7":"first","8":"instock","9":"taxable","10":"shipping-taxable","11":"purchasable","12":"product-type-variable"},"_links":{"self":[{"href":"https:\/\/www.propromo.ee\/et\/wp-json\/wp\/v2\/product\/151963","targetHints":{"allow":["GET"]}}],"collection":[{"href":"https:\/\/www.propromo.ee\/et\/wp-json\/wp\/v2\/product"}],"about":[{"href":"https:\/\/www.propromo.ee\/et\/wp-json\/wp\/v2\/types\/product"}],"replies":[{"embeddable":true,"href":"https:\/\/www.propromo.ee\/et\/wp-json\/wp\/v2\/comments?post=151963"}],"wp:attachment":[{"href":"https:\/\/www.propromo.ee\/et\/wp-json\/wp\/v2\/media?parent=151963"}],"wp:term":[{"taxonomy":"product_brand","embeddable":true,"href":"https:\/\/www.propromo.ee\/et\/wp-json\/wp\/v2\/product_brand?post=151963"},{"taxonomy":"product_cat","embeddable":true,"href":"https:\/\/www.propromo.ee\/et\/wp-json\/wp\/v2\/product_cat?post=151963"},{"taxonomy":"product_tag","embeddable":true,"href":"https:\/\/www.propromo.ee\/et\/wp-json\/wp\/v2\/product_tag?post=151963"}],"curies":[{"name":"wp","href":"https:\/\/api.w.org\/{rel}","templated":true}]}}