{"id":152132,"date":"2024-01-08T22:02:14","date_gmt":"2024-01-08T22:02:14","guid":{"rendered":"https:\/\/www.propromo.ee\/product\/heros-luhikeste-varrukatega-naiste-t-sark\/"},"modified":"2024-01-08T22:02:14","modified_gmt":"2024-01-08T22:02:14","slug":"heros-luhikeste-varrukatega-naiste-t-sark","status":"publish","type":"product","link":"https:\/\/www.propromo.ee\/et\/toode\/heros-luhikeste-varrukatega-naiste-t-sark\/","title":{"rendered":"Heros l\u00fchikeste varrukatega naiste T-s\u00e4rk"},"content":{"rendered":"<p>Heros l\u00fchikeste varrukatega naiste T-s\u00e4rk sobib suurep\u00e4raselt k\u00f5ikideks s\u00fcndmusteks. Taljesse k\u00fclje\u00f5mblused, l\u00fchemad varrukad ja madalam kaelus on hoolikalt l\u00e4bi m\u00f5eldud, et luua naiselik istuvus ja disain. Valmistatud 150 g\/m\u00b2 puuvillast, see on kerge ja mugav kanda. Lisaks on puuvillane materjal puudutamisel pehme ja ideaalne kvaliteetse kaubam\u00e4rgi jaoks.    <\/p>\n","protected":false},"excerpt":{"rendered":"<p>Heros l\u00fchikeste varrukatega naiste T-s\u00e4rk sobib suurep\u00e4raselt k\u00f5ikideks s\u00fcndmusteks. Taljesse k\u00fclje\u00f5mblused, l\u00fchemad varrukad ja madalam kaelus on hoolikalt l\u00e4bi m\u00f5eldud, et luua naiselik istuvus ja disain. Valmistatud 150 g\/m\u00b2 puuvillast, see on kerge ja mugav kanda. Lisaks on puuvillane materjal puudutamisel pehme ja ideaalne kvaliteetse kaubam\u00e4rgi jaoks.    <\/p>\n","protected":false},"featured_media":29618,"comment_status":"closed","ping_status":"open","template":"","meta":[],"product_brand":[],"product_cat":[15],"product_tag":[],"class_list":{"0":"post-152132","1":"product","2":"type-product","3":"status-publish","4":"has-post-thumbnail","6":"product_cat-uncategorized","8":"first","9":"outofstock","10":"taxable","11":"shipping-taxable","12":"purchasable","13":"product-type-variable"},"_links":{"self":[{"href":"https:\/\/www.propromo.ee\/et\/wp-json\/wp\/v2\/product\/152132","targetHints":{"allow":["GET"]}}],"collection":[{"href":"https:\/\/www.propromo.ee\/et\/wp-json\/wp\/v2\/product"}],"about":[{"href":"https:\/\/www.propromo.ee\/et\/wp-json\/wp\/v2\/types\/product"}],"replies":[{"embeddable":true,"href":"https:\/\/www.propromo.ee\/et\/wp-json\/wp\/v2\/comments?post=152132"}],"wp:featuredmedia":[{"embeddable":true,"href":"https:\/\/www.propromo.ee\/et\/wp-json\/wp\/v2\/media\/29618"}],"wp:attachment":[{"href":"https:\/\/www.propromo.ee\/et\/wp-json\/wp\/v2\/media?parent=152132"}],"wp:term":[{"taxonomy":"product_brand","embeddable":true,"href":"https:\/\/www.propromo.ee\/et\/wp-json\/wp\/v2\/product_brand?post=152132"},{"taxonomy":"product_cat","embeddable":true,"href":"https:\/\/www.propromo.ee\/et\/wp-json\/wp\/v2\/product_cat?post=152132"},{"taxonomy":"product_tag","embeddable":true,"href":"https:\/\/www.propromo.ee\/et\/wp-json\/wp\/v2\/product_tag?post=152132"}],"curies":[{"name":"wp","href":"https:\/\/api.w.org\/{rel}","templated":true}]}}