{"id":152745,"date":"2024-01-08T21:53:42","date_gmt":"2024-01-08T21:53:42","guid":{"rendered":"https:\/\/www.propromo.ee\/product\/nanaimo-luhikeste-varrukatega-naiste-t-sark\/"},"modified":"2024-01-08T21:53:42","modified_gmt":"2024-01-08T21:53:42","slug":"nanaimo-luhikeste-varrukatega-naiste-t-sark","status":"publish","type":"product","link":"https:\/\/www.propromo.ee\/et\/toode\/nanaimo-luhikeste-varrukatega-naiste-t-sark\/","title":{"rendered":"Nanaimo l\u00fchikeste varrukatega naiste T-s\u00e4rk"},"content":{"rendered":"<p>Nanaimo l\u00fchikeste varrukatega naiste T-s\u00e4rk, mis on valmistatud puuvillast 160 g\/m\u00b2, sobib ideaalselt igaks elujuhtumiks ja on hea lisand igasse garderoobi. R\u00f5ngaskedratud puuvill tagab tugevama ja siledama l\u00f5nga, mille tulemuseks on vastupidavam kangas, mis tagab kvaliteetse kaubam\u00e4rgi. See on kujundatud naiselikuks ja sellel on k\u00fclje\u00f5mblused, mis tagavad suurep\u00e4rase istuvuse, samas kui prinditud kaelas olev Elevate&#8217;i kaubam\u00e4rk lisab selle \u00fcldist mugavust. Tugevdatud \u00f5lad tagavad ka pideva istuvuse ka p\u00e4rast pikaajalist kasutamist.   <\/p>\n","protected":false},"excerpt":{"rendered":"<p>Nanaimo l\u00fchikeste varrukatega naiste T-s\u00e4rk, mis on valmistatud puuvillast 160 g\/m\u00b2, sobib ideaalselt igaks elujuhtumiks ja on hea lisand igasse garderoobi. R\u00f5ngaskedratud puuvill tagab tugevama ja siledama l\u00f5nga, mille tulemuseks on vastupidavam kangas, mis tagab kvaliteetse kaubam\u00e4rgi. See on kujundatud naiselikuks ja sellel on k\u00fclje\u00f5mblused, mis tagavad suurep\u00e4rase istuvuse, samas kui prinditud kaelas olev Elevate&#8217;i kaubam\u00e4rk lisab selle \u00fcldist mugavust. Tugevdatud \u00f5lad tagavad ka pideva istuvuse ka p\u00e4rast pikaajalist kasutamist.   <\/p>\n","protected":false},"featured_media":0,"comment_status":"closed","ping_status":"open","template":"","meta":[],"product_brand":[],"product_cat":[15],"product_tag":[],"class_list":{"0":"post-152745","1":"product","2":"type-product","3":"status-publish","5":"product_cat-uncategorized","7":"first","8":"instock","9":"taxable","10":"shipping-taxable","11":"purchasable","12":"product-type-variable"},"_links":{"self":[{"href":"https:\/\/www.propromo.ee\/et\/wp-json\/wp\/v2\/product\/152745","targetHints":{"allow":["GET"]}}],"collection":[{"href":"https:\/\/www.propromo.ee\/et\/wp-json\/wp\/v2\/product"}],"about":[{"href":"https:\/\/www.propromo.ee\/et\/wp-json\/wp\/v2\/types\/product"}],"replies":[{"embeddable":true,"href":"https:\/\/www.propromo.ee\/et\/wp-json\/wp\/v2\/comments?post=152745"}],"wp:attachment":[{"href":"https:\/\/www.propromo.ee\/et\/wp-json\/wp\/v2\/media?parent=152745"}],"wp:term":[{"taxonomy":"product_brand","embeddable":true,"href":"https:\/\/www.propromo.ee\/et\/wp-json\/wp\/v2\/product_brand?post=152745"},{"taxonomy":"product_cat","embeddable":true,"href":"https:\/\/www.propromo.ee\/et\/wp-json\/wp\/v2\/product_cat?post=152745"},{"taxonomy":"product_tag","embeddable":true,"href":"https:\/\/www.propromo.ee\/et\/wp-json\/wp\/v2\/product_tag?post=152745"}],"curies":[{"name":"wp","href":"https:\/\/api.w.org\/{rel}","templated":true}]}}