{"id":153201,"date":"2024-01-09T23:35:50","date_gmt":"2024-01-09T23:35:50","guid":{"rendered":"https:\/\/www.propromo.ee\/product\/star-luhikeste-varrukatega-meeste-polo\/"},"modified":"2024-01-09T23:35:50","modified_gmt":"2024-01-09T23:35:50","slug":"star-luhikeste-varrukatega-meeste-polo","status":"publish","type":"product","link":"https:\/\/www.propromo.ee\/et\/toode\/star-luhikeste-varrukatega-meeste-polo\/","title":{"rendered":"Star l\u00fchikeste varrukatega meeste polo"},"content":{"rendered":"<p>L\u00fchikeste varrukatega polos\u00e4rk meestele. Sisekrae tugevdatud kaetud \u00f5mblused. 1&#215;1 soonik krae ja varruka otsad. K\u00fclje\u00f5mblused. 3-n\u00f6\u00f6biga kaelus. K\u00fcljel\u00f5hikud. Valikuline tasku. Eemaldatav etikett.       <\/p>\n","protected":false},"excerpt":{"rendered":"<p>L\u00fchikeste varrukatega polos\u00e4rk meestele. Sisekrae tugevdatud kaetud \u00f5mblused. 1&#215;1 soonik krae ja varruka otsad. K\u00fclje\u00f5mblused. 3-n\u00f6\u00f6biga kaelus. K\u00fcljel\u00f5hikud. Valikuline tasku. Eemaldatav etikett.       <\/p>\n","protected":false},"featured_media":0,"comment_status":"closed","ping_status":"open","template":"","meta":[],"product_brand":[],"product_cat":[15],"product_tag":[],"class_list":{"0":"post-153201","1":"product","2":"type-product","3":"status-publish","5":"product_cat-uncategorized","7":"first","8":"instock","9":"taxable","10":"shipping-taxable","11":"purchasable","12":"product-type-variable"},"_links":{"self":[{"href":"https:\/\/www.propromo.ee\/et\/wp-json\/wp\/v2\/product\/153201","targetHints":{"allow":["GET"]}}],"collection":[{"href":"https:\/\/www.propromo.ee\/et\/wp-json\/wp\/v2\/product"}],"about":[{"href":"https:\/\/www.propromo.ee\/et\/wp-json\/wp\/v2\/types\/product"}],"replies":[{"embeddable":true,"href":"https:\/\/www.propromo.ee\/et\/wp-json\/wp\/v2\/comments?post=153201"}],"wp:attachment":[{"href":"https:\/\/www.propromo.ee\/et\/wp-json\/wp\/v2\/media?parent=153201"}],"wp:term":[{"taxonomy":"product_brand","embeddable":true,"href":"https:\/\/www.propromo.ee\/et\/wp-json\/wp\/v2\/product_brand?post=153201"},{"taxonomy":"product_cat","embeddable":true,"href":"https:\/\/www.propromo.ee\/et\/wp-json\/wp\/v2\/product_cat?post=153201"},{"taxonomy":"product_tag","embeddable":true,"href":"https:\/\/www.propromo.ee\/et\/wp-json\/wp\/v2\/product_tag?post=153201"}],"curies":[{"name":"wp","href":"https:\/\/api.w.org\/{rel}","templated":true}]}}