{"id":153455,"date":"2024-01-09T23:14:28","date_gmt":"2024-01-09T23:14:28","guid":{"rendered":"https:\/\/www.propromo.ee\/product\/monzha-luhikeste-varrukatega-naiste-sportpolo\/"},"modified":"2024-01-09T23:14:28","modified_gmt":"2024-01-09T23:14:28","slug":"monzha-luhikeste-varrukatega-naiste-sportpolo","status":"publish","type":"product","link":"https:\/\/www.propromo.ee\/et\/toode\/monzha-luhikeste-varrukatega-naiste-sportpolo\/","title":{"rendered":"Monzha l\u00fchikeste varrukatega naiste sportpolo"},"content":{"rendered":"<p>L\u00fchikeste varrukatega tehniline polos\u00e4rk naistele. Kolme n\u00f6\u00f6biga kaelus. Taljesse l\u00f5ige. Hingav, kergesti pestav ja kuiv kangas. Eemaldatav etikett. Tehniline kangas.       <\/p>\n","protected":false},"excerpt":{"rendered":"<p>L\u00fchikeste varrukatega tehniline polos\u00e4rk naistele. Kolme n\u00f6\u00f6biga kaelus. Taljesse l\u00f5ige. Hingav, kergesti pestav ja kuiv kangas. Eemaldatav etikett. Tehniline kangas.       <\/p>\n","protected":false},"featured_media":0,"comment_status":"closed","ping_status":"closed","template":"","meta":[],"product_brand":[],"product_cat":[15],"product_tag":[],"class_list":{"0":"post-153455","1":"product","2":"type-product","3":"status-publish","5":"product_cat-uncategorized","7":"first","8":"instock","9":"taxable","10":"shipping-taxable","11":"purchasable","12":"product-type-variable"},"_links":{"self":[{"href":"https:\/\/www.propromo.ee\/et\/wp-json\/wp\/v2\/product\/153455","targetHints":{"allow":["GET"]}}],"collection":[{"href":"https:\/\/www.propromo.ee\/et\/wp-json\/wp\/v2\/product"}],"about":[{"href":"https:\/\/www.propromo.ee\/et\/wp-json\/wp\/v2\/types\/product"}],"replies":[{"embeddable":true,"href":"https:\/\/www.propromo.ee\/et\/wp-json\/wp\/v2\/comments?post=153455"}],"wp:attachment":[{"href":"https:\/\/www.propromo.ee\/et\/wp-json\/wp\/v2\/media?parent=153455"}],"wp:term":[{"taxonomy":"product_brand","embeddable":true,"href":"https:\/\/www.propromo.ee\/et\/wp-json\/wp\/v2\/product_brand?post=153455"},{"taxonomy":"product_cat","embeddable":true,"href":"https:\/\/www.propromo.ee\/et\/wp-json\/wp\/v2\/product_cat?post=153455"},{"taxonomy":"product_tag","embeddable":true,"href":"https:\/\/www.propromo.ee\/et\/wp-json\/wp\/v2\/product_tag?post=153455"}],"curies":[{"name":"wp","href":"https:\/\/api.w.org\/{rel}","templated":true}]}}