{"id":154414,"date":"2024-01-08T22:12:42","date_gmt":"2024-01-08T22:12:42","guid":{"rendered":"https:\/\/www.propromo.ee\/product\/helios-luhikeste-varrukatega-meeste-polo\/"},"modified":"2024-01-08T22:12:42","modified_gmt":"2024-01-08T22:12:42","slug":"helios-luhikeste-varrukatega-meeste-polo","status":"publish","type":"product","link":"https:\/\/www.propromo.ee\/et\/toode\/helios-luhikeste-varrukatega-meeste-polo\/","title":{"rendered":"Helios l\u00fchikeste varrukatega meeste polo"},"content":{"rendered":"<p>Helios l\u00fchikeste varrukatega meeste polo. Valmistatud 180 g\/m\u00b2 puuvillast, pakub kerget mugavust ja vastupidavust. Rebitav p\u00f5hisilt. Klassikalise l\u00fchikeste varrukatega polo sobib h\u00e4sti nii vabaaja s\u00fcndmusteks kui ka ametlikele \u00fcritustele. Saadaval on mitu v\u00e4rvi, mis sobivad igale kaubam\u00e4rgile.    <\/p>\n","protected":false},"excerpt":{"rendered":"<p>Helios l\u00fchikeste varrukatega meeste polo. Valmistatud 180 g\/m\u00b2 puuvillast, pakub kerget mugavust ja vastupidavust. Rebitav p\u00f5hisilt. Klassikalise l\u00fchikeste varrukatega polo sobib h\u00e4sti nii vabaaja s\u00fcndmusteks kui ka ametlikele \u00fcritustele. Saadaval on mitu v\u00e4rvi, mis sobivad igale kaubam\u00e4rgile.    <\/p>\n","protected":false},"featured_media":0,"comment_status":"closed","ping_status":"open","template":"","meta":[],"product_brand":[],"product_cat":[15],"product_tag":[],"class_list":{"0":"post-154414","1":"product","2":"type-product","3":"status-publish","5":"product_cat-uncategorized","7":"first","8":"outofstock","9":"taxable","10":"shipping-taxable","11":"purchasable","12":"product-type-variable"},"_links":{"self":[{"href":"https:\/\/www.propromo.ee\/et\/wp-json\/wp\/v2\/product\/154414","targetHints":{"allow":["GET"]}}],"collection":[{"href":"https:\/\/www.propromo.ee\/et\/wp-json\/wp\/v2\/product"}],"about":[{"href":"https:\/\/www.propromo.ee\/et\/wp-json\/wp\/v2\/types\/product"}],"replies":[{"embeddable":true,"href":"https:\/\/www.propromo.ee\/et\/wp-json\/wp\/v2\/comments?post=154414"}],"wp:attachment":[{"href":"https:\/\/www.propromo.ee\/et\/wp-json\/wp\/v2\/media?parent=154414"}],"wp:term":[{"taxonomy":"product_brand","embeddable":true,"href":"https:\/\/www.propromo.ee\/et\/wp-json\/wp\/v2\/product_brand?post=154414"},{"taxonomy":"product_cat","embeddable":true,"href":"https:\/\/www.propromo.ee\/et\/wp-json\/wp\/v2\/product_cat?post=154414"},{"taxonomy":"product_tag","embeddable":true,"href":"https:\/\/www.propromo.ee\/et\/wp-json\/wp\/v2\/product_tag?post=154414"}],"curies":[{"name":"wp","href":"https:\/\/api.w.org\/{rel}","templated":true}]}}