{"id":154592,"date":"2024-01-08T22:10:50","date_gmt":"2024-01-08T22:10:50","guid":{"rendered":"https:\/\/www.propromo.ee\/product\/oakville-pikkade-varrukatega-naiste-polo\/"},"modified":"2024-01-08T22:10:50","modified_gmt":"2024-01-08T22:10:50","slug":"oakville-pikkade-varrukatega-naiste-polo","status":"publish","type":"product","link":"https:\/\/www.propromo.ee\/et\/toode\/oakville-pikkade-varrukatega-naiste-polo\/","title":{"rendered":"Oakville pikkade varrukatega naiste polo"},"content":{"rendered":"<p>Oakville pikkade varrukatega naiste polo pakub klassikalist jv\u00e4limust ning on valmistatud 200 g\/m\u00b2 100% puuvillast pikee kudumist, mist\u00f5ttu on see ideaalne aastaringseks kandmiseks. Polo on naiselikult taljesse l\u00f5ikega. Satiinist kaelateip teeb polo vastupidavaks, satiiniga k\u00fcljel\u00f5hikud lisavad liikuvust.  <\/p>\n","protected":false},"excerpt":{"rendered":"<p>Oakville pikkade varrukatega naiste polo pakub klassikalist jv\u00e4limust ning on valmistatud 200 g\/m\u00b2 100% puuvillast pikee kudumist, mist\u00f5ttu on see ideaalne aastaringseks kandmiseks. Polo on naiselikult taljesse l\u00f5ikega. Satiinist kaelateip teeb polo vastupidavaks, satiiniga k\u00fcljel\u00f5hikud lisavad liikuvust.  <\/p>\n","protected":false},"featured_media":0,"comment_status":"closed","ping_status":"open","template":"","meta":[],"product_brand":[],"product_cat":[15],"product_tag":[],"class_list":{"0":"post-154592","1":"product","2":"type-product","3":"status-publish","5":"product_cat-uncategorized","7":"first","8":"instock","9":"taxable","10":"shipping-taxable","11":"purchasable","12":"product-type-variable"},"_links":{"self":[{"href":"https:\/\/www.propromo.ee\/et\/wp-json\/wp\/v2\/product\/154592","targetHints":{"allow":["GET"]}}],"collection":[{"href":"https:\/\/www.propromo.ee\/et\/wp-json\/wp\/v2\/product"}],"about":[{"href":"https:\/\/www.propromo.ee\/et\/wp-json\/wp\/v2\/types\/product"}],"replies":[{"embeddable":true,"href":"https:\/\/www.propromo.ee\/et\/wp-json\/wp\/v2\/comments?post=154592"}],"wp:attachment":[{"href":"https:\/\/www.propromo.ee\/et\/wp-json\/wp\/v2\/media?parent=154592"}],"wp:term":[{"taxonomy":"product_brand","embeddable":true,"href":"https:\/\/www.propromo.ee\/et\/wp-json\/wp\/v2\/product_brand?post=154592"},{"taxonomy":"product_cat","embeddable":true,"href":"https:\/\/www.propromo.ee\/et\/wp-json\/wp\/v2\/product_cat?post=154592"},{"taxonomy":"product_tag","embeddable":true,"href":"https:\/\/www.propromo.ee\/et\/wp-json\/wp\/v2\/product_tag?post=154592"}],"curies":[{"name":"wp","href":"https:\/\/api.w.org\/{rel}","templated":true}]}}