{"id":154617,"date":"2024-01-08T22:08:48","date_gmt":"2024-01-08T22:08:48","guid":{"rendered":"https:\/\/www.propromo.ee\/product\/markham-luhikeste-varrukatega-naiste-stretspolo\/"},"modified":"2024-01-16T19:59:48","modified_gmt":"2024-01-16T19:59:48","slug":"markham-luhikeste-varrukatega-naiste-stretspolo","status":"publish","type":"product","link":"https:\/\/www.propromo.ee\/et\/toode\/markham-luhikeste-varrukatega-naiste-stretspolo\/","title":{"rendered":"Markham l\u00fchikeste varrukatega naiste strech polo"},"content":{"rendered":"<p>Markham l\u00fchikeste varrukatega naiste strech polo on ideaalne segu stiilist, mugavusest ja mitmek\u00fclgsusest. 200 g\/m\u00b2 k\u00f5rgkvaliteetsest kahekordsest pikee-kootud kangast valmistatud polo pakub luksuslikku tunnet ja erakordset vastupidavust. 95% puuvilla ja 5% elastaani esmaklassiline segu tagab optimaalse tasakaalu hingavuse, pehmuse ja venivuse vahel. Lisatud elastaan, et tagada mugav ja paindlik istuvus, v\u00f5imaldades piiramatult liikuda kogu p\u00e4eva jooksul. Polo on kujundatud taljesse l\u00f5ikega, et anda naiselik v\u00e4limus. Olenemata sellest, kas l\u00e4hete kontorisse v\u00f5i juhuslikule v\u00e4ljas\u00f5idule, annab see polo teile parima v\u00e4limuse ja enesetunde.     <\/p>\n","protected":false},"excerpt":{"rendered":"<p>Markham l\u00fchikeste varrukatega naiste strech polo on ideaalne segu stiilist, mugavusest ja mitmek\u00fclgsusest. 200 g\/m\u00b2 k\u00f5rgkvaliteetsest kahekordsest pikee-kootud kangast valmistatud polo pakub luksuslikku tunnet ja erakordset vastupidavust. 95% puuvilla ja 5% elastaani esmaklassiline segu tagab optimaalse tasakaalu hingavuse, pehmuse ja venivuse vahel. Lisatud elastaan, et tagada mugav ja paindlik istuvus, v\u00f5imaldades piiramatult liikuda kogu p\u00e4eva jooksul. Polo on kujundatud taljesse l\u00f5ikega, et anda naiselik v\u00e4limus. Olenemata sellest, kas l\u00e4hete kontorisse v\u00f5i juhuslikule v\u00e4ljas\u00f5idule, annab see polo teile parima v\u00e4limuse ja enesetunde.     <\/p>\n","protected":false},"featured_media":0,"comment_status":"closed","ping_status":"open","template":"","meta":[],"product_brand":[],"product_cat":[15],"product_tag":[],"class_list":{"0":"post-154617","1":"product","2":"type-product","3":"status-publish","5":"product_cat-uncategorized","7":"first","8":"instock","9":"taxable","10":"shipping-taxable","11":"purchasable","12":"product-type-variable"},"_links":{"self":[{"href":"https:\/\/www.propromo.ee\/et\/wp-json\/wp\/v2\/product\/154617","targetHints":{"allow":["GET"]}}],"collection":[{"href":"https:\/\/www.propromo.ee\/et\/wp-json\/wp\/v2\/product"}],"about":[{"href":"https:\/\/www.propromo.ee\/et\/wp-json\/wp\/v2\/types\/product"}],"replies":[{"embeddable":true,"href":"https:\/\/www.propromo.ee\/et\/wp-json\/wp\/v2\/comments?post=154617"}],"wp:attachment":[{"href":"https:\/\/www.propromo.ee\/et\/wp-json\/wp\/v2\/media?parent=154617"}],"wp:term":[{"taxonomy":"product_brand","embeddable":true,"href":"https:\/\/www.propromo.ee\/et\/wp-json\/wp\/v2\/product_brand?post=154617"},{"taxonomy":"product_cat","embeddable":true,"href":"https:\/\/www.propromo.ee\/et\/wp-json\/wp\/v2\/product_cat?post=154617"},{"taxonomy":"product_tag","embeddable":true,"href":"https:\/\/www.propromo.ee\/et\/wp-json\/wp\/v2\/product_tag?post=154617"}],"curies":[{"name":"wp","href":"https:\/\/api.w.org\/{rel}","templated":true}]}}