{"id":154648,"date":"2024-01-08T22:08:48","date_gmt":"2024-01-08T22:08:48","guid":{"rendered":"https:\/\/www.propromo.ee\/product\/markham-luhikeste-varrukatega-meeste-strech-polo\/"},"modified":"2024-01-08T22:08:48","modified_gmt":"2024-01-08T22:08:48","slug":"markham-luhikeste-varrukatega-meeste-strech-polo","status":"publish","type":"product","link":"https:\/\/www.propromo.ee\/et\/toode\/markham-luhikeste-varrukatega-meeste-strech-polo\/","title":{"rendered":"Markham l\u00fchikeste varrukatega meeste strech polo"},"content":{"rendered":"<p>Markham l\u00fchikeste varrukatega meeste strech polo on ideaalne segu stiilist, mugavusest ja mitmek\u00fclgsusest. 200 g\/m\u00b2 k\u00f5rgkvaliteetsest kahekordsest pikee-kootud kangast valmistatud polo pakub luksuslikku tunnet ja erakordset vastupidavust. 95% puuvilla ja 5% elastaani esmaklassiline segu tagab optimaalse tasakaalu hingavuse, pehmuse ja venivuse vahel. Lisatud elastaantagab mugava ja paindliku istuvuse, v\u00f5imaldades piiramatult liikuda kogu p\u00e4eva jooksul. Olenemata sellest, kas l\u00e4hete kontorisse v\u00f5i juhuslikule v\u00e4ljas\u00f5idule, see polo annab teile parima v\u00e4limuse ja enesetunde.    <\/p>\n","protected":false},"excerpt":{"rendered":"<p>Markham l\u00fchikeste varrukatega meeste strech polo on ideaalne segu stiilist, mugavusest ja mitmek\u00fclgsusest. 200 g\/m\u00b2 k\u00f5rgkvaliteetsest kahekordsest pikee-kootud kangast valmistatud polo pakub luksuslikku tunnet ja erakordset vastupidavust. 95% puuvilla ja 5% elastaani esmaklassiline segu tagab optimaalse tasakaalu hingavuse, pehmuse ja venivuse vahel. Lisatud elastaantagab mugava ja paindliku istuvuse, v\u00f5imaldades piiramatult liikuda kogu p\u00e4eva jooksul. Olenemata sellest, kas l\u00e4hete kontorisse v\u00f5i juhuslikule v\u00e4ljas\u00f5idule, see polo annab teile parima v\u00e4limuse ja enesetunde.    <\/p>\n","protected":false},"featured_media":0,"comment_status":"closed","ping_status":"open","template":"","meta":[],"product_brand":[],"product_cat":[15],"product_tag":[],"class_list":{"0":"post-154648","1":"product","2":"type-product","3":"status-publish","5":"product_cat-uncategorized","7":"first","8":"instock","9":"taxable","10":"shipping-taxable","11":"purchasable","12":"product-type-variable"},"_links":{"self":[{"href":"https:\/\/www.propromo.ee\/et\/wp-json\/wp\/v2\/product\/154648","targetHints":{"allow":["GET"]}}],"collection":[{"href":"https:\/\/www.propromo.ee\/et\/wp-json\/wp\/v2\/product"}],"about":[{"href":"https:\/\/www.propromo.ee\/et\/wp-json\/wp\/v2\/types\/product"}],"replies":[{"embeddable":true,"href":"https:\/\/www.propromo.ee\/et\/wp-json\/wp\/v2\/comments?post=154648"}],"wp:attachment":[{"href":"https:\/\/www.propromo.ee\/et\/wp-json\/wp\/v2\/media?parent=154648"}],"wp:term":[{"taxonomy":"product_brand","embeddable":true,"href":"https:\/\/www.propromo.ee\/et\/wp-json\/wp\/v2\/product_brand?post=154648"},{"taxonomy":"product_cat","embeddable":true,"href":"https:\/\/www.propromo.ee\/et\/wp-json\/wp\/v2\/product_cat?post=154648"},{"taxonomy":"product_tag","embeddable":true,"href":"https:\/\/www.propromo.ee\/et\/wp-json\/wp\/v2\/product_tag?post=154648"}],"curies":[{"name":"wp","href":"https:\/\/api.w.org\/{rel}","templated":true}]}}