{"id":154686,"date":"2024-01-08T22:06:00","date_gmt":"2024-01-08T22:06:00","guid":{"rendered":"https:\/\/www.propromo.ee\/product\/calgary-luhikeste-varrukatega-meeste-polo\/"},"modified":"2024-01-16T20:04:34","modified_gmt":"2024-01-16T20:04:34","slug":"calgary-luhikeste-varrukatega-meeste-polo","status":"publish","type":"product","link":"https:\/\/www.propromo.ee\/et\/toode\/calgary-luhikeste-varrukatega-meeste-polo\/","title":{"rendered":"Calgary l\u00fchikeste varrukatega meeste polo"},"content":{"rendered":"<p>Calgary l\u00fchikeste varrukatega meeste klassikaline polo, mis \u00fchendab stiili ja mugavuse. Valmistatud 200 g\/m\u00b2 pique trikotaa\u017ekangast, eelkahandatud viimistlusega, tagab t\u00e4iusliku istuvuse, mis kestab ja sobib seet\u00f5ttu erinevateks tegevusteks ja s\u00fcndmusteks. Lamedad kootud sooniku mansetid lisavad rafineeritust ja s\u00e4ilitavad polo kuju. Satiinteibiga viimistlusega k\u00fcljel\u00f5hikud ja ahel\u00f5mblusega eesmine \u00f5la\u00f5mblus lisavad paindlikkust ja mugavust. Saadaval erksates v\u00e4rvitoonides.    <\/p>\n","protected":false},"excerpt":{"rendered":"<p>Calgary l\u00fchikeste varrukatega meeste klassikaline polo, mis \u00fchendab stiili ja mugavuse. Valmistatud 200 g\/m\u00b2 pique trikotaa\u017ekangast, eelkahandatud viimistlusega, tagab t\u00e4iusliku istuvuse, mis kestab ja sobib seet\u00f5ttu erinevateks tegevusteks ja s\u00fcndmusteks. Lamedad kootud sooniku mansetid lisavad rafineeritust ja s\u00e4ilitavad polo kuju. Satiinteibiga viimistlusega k\u00fcljel\u00f5hikud ja ahel\u00f5mblusega eesmine \u00f5la\u00f5mblus lisavad paindlikkust ja mugavust. Saadaval erksates v\u00e4rvitoonides.    <\/p>\n","protected":false},"featured_media":0,"comment_status":"closed","ping_status":"open","template":"","meta":[],"product_brand":[],"product_cat":[15],"product_tag":[],"class_list":{"0":"post-154686","1":"product","2":"type-product","3":"status-publish","5":"product_cat-uncategorized","7":"first","8":"instock","9":"taxable","10":"shipping-taxable","11":"purchasable","12":"product-type-variable"},"_links":{"self":[{"href":"https:\/\/www.propromo.ee\/et\/wp-json\/wp\/v2\/product\/154686","targetHints":{"allow":["GET"]}}],"collection":[{"href":"https:\/\/www.propromo.ee\/et\/wp-json\/wp\/v2\/product"}],"about":[{"href":"https:\/\/www.propromo.ee\/et\/wp-json\/wp\/v2\/types\/product"}],"replies":[{"embeddable":true,"href":"https:\/\/www.propromo.ee\/et\/wp-json\/wp\/v2\/comments?post=154686"}],"wp:attachment":[{"href":"https:\/\/www.propromo.ee\/et\/wp-json\/wp\/v2\/media?parent=154686"}],"wp:term":[{"taxonomy":"product_brand","embeddable":true,"href":"https:\/\/www.propromo.ee\/et\/wp-json\/wp\/v2\/product_brand?post=154686"},{"taxonomy":"product_cat","embeddable":true,"href":"https:\/\/www.propromo.ee\/et\/wp-json\/wp\/v2\/product_cat?post=154686"},{"taxonomy":"product_tag","embeddable":true,"href":"https:\/\/www.propromo.ee\/et\/wp-json\/wp\/v2\/product_tag?post=154686"}],"curies":[{"name":"wp","href":"https:\/\/api.w.org\/{rel}","templated":true}]}}