{"id":155326,"date":"2024-01-09T23:44:40","date_gmt":"2024-01-09T23:44:40","guid":{"rendered":"https:\/\/www.propromo.ee\/product\/urban-naiste-dressipluus\/"},"modified":"2024-01-20T06:31:41","modified_gmt":"2024-01-20T06:31:41","slug":"urban-naiste-dressipluus","status":"publish","type":"product","link":"https:\/\/www.propromo.ee\/et\/toode\/urban-naiste-dressipluus\/","title":{"rendered":"Urban naiste dressipluus"},"content":{"rendered":"<p>Taljesse l\u00f5ikega dressipluus kahev\u00e4rvilisest topeltkangast kapuutsiga, kontrastse reguleeritava n\u00f6\u00f6riga, kaetud \u00f5mblustega kraes ja k\u00e4ngurutaskuga. 1&#215;1 elastaanist soonik varrukatel ja all\u00e4\u00e4res. Eemaldatav etikett.    <\/p>\n","protected":false},"excerpt":{"rendered":"<p>Taljesse l\u00f5ikega dressipluus kahev\u00e4rvilisest topeltkangast kapuutsiga, kontrastse reguleeritava n\u00f6\u00f6riga, kaetud \u00f5mblustega kraes ja k\u00e4ngurutaskuga. 1&#215;1 elastaanist soonik varrukatel ja all\u00e4\u00e4res. Eemaldatav etikett.    <\/p>\n","protected":false},"featured_media":0,"comment_status":"closed","ping_status":"open","template":"","meta":[],"product_brand":[],"product_cat":[15],"product_tag":[],"class_list":{"0":"post-155326","1":"product","2":"type-product","3":"status-publish","5":"product_cat-uncategorized","7":"first","8":"instock","9":"taxable","10":"shipping-taxable","11":"purchasable","12":"product-type-variable"},"_links":{"self":[{"href":"https:\/\/www.propromo.ee\/et\/wp-json\/wp\/v2\/product\/155326","targetHints":{"allow":["GET"]}}],"collection":[{"href":"https:\/\/www.propromo.ee\/et\/wp-json\/wp\/v2\/product"}],"about":[{"href":"https:\/\/www.propromo.ee\/et\/wp-json\/wp\/v2\/types\/product"}],"replies":[{"embeddable":true,"href":"https:\/\/www.propromo.ee\/et\/wp-json\/wp\/v2\/comments?post=155326"}],"wp:attachment":[{"href":"https:\/\/www.propromo.ee\/et\/wp-json\/wp\/v2\/media?parent=155326"}],"wp:term":[{"taxonomy":"product_brand","embeddable":true,"href":"https:\/\/www.propromo.ee\/et\/wp-json\/wp\/v2\/product_brand?post=155326"},{"taxonomy":"product_cat","embeddable":true,"href":"https:\/\/www.propromo.ee\/et\/wp-json\/wp\/v2\/product_cat?post=155326"},{"taxonomy":"product_tag","embeddable":true,"href":"https:\/\/www.propromo.ee\/et\/wp-json\/wp\/v2\/product_tag?post=155326"}],"curies":[{"name":"wp","href":"https:\/\/api.w.org\/{rel}","templated":true}]}}