{"id":155630,"date":"2024-01-09T23:06:53","date_gmt":"2024-01-09T23:06:53","guid":{"rendered":"https:\/\/www.propromo.ee\/product\/montblanc-unisex-taistomblukuga-dressipluus\/"},"modified":"2024-01-09T23:06:53","modified_gmt":"2024-01-09T23:06:53","slug":"montblanc-unisex-taistomblukuga-dressipluus","status":"publish","type":"product","link":"https:\/\/www.propromo.ee\/et\/toode\/montblanc-unisex-taistomblukuga-dressipluus\/","title":{"rendered":"Montblanc unisex t\u00e4ist\u00f5mblukuga dressipluus"},"content":{"rendered":"<p>K\u00f5rge kaelusega ja pika lukuga kapuutsiga dressipluus. Kapuutsil ja taskul soonikdetailid. K\u00e4nguru stiilis tasku. Varrukatel ja v\u00f6\u00f6kohal 2&#215;2 soonik. Saadaval laste suurused. Eemaldatav etikett.      <\/p>\n","protected":false},"excerpt":{"rendered":"<p>K\u00f5rge kaelusega ja pika lukuga kapuutsiga dressipluus. Kapuutsil ja taskul soonikdetailid. K\u00e4nguru stiilis tasku. Varrukatel ja v\u00f6\u00f6kohal 2&#215;2 soonik. Saadaval laste suurused. Eemaldatav etikett.      <\/p>\n","protected":false},"featured_media":0,"comment_status":"closed","ping_status":"open","template":"","meta":[],"product_brand":[],"product_cat":[15],"product_tag":[],"class_list":{"0":"post-155630","1":"product","2":"type-product","3":"status-publish","5":"product_cat-uncategorized","7":"first","8":"instock","9":"taxable","10":"shipping-taxable","11":"purchasable","12":"product-type-variable"},"_links":{"self":[{"href":"https:\/\/www.propromo.ee\/et\/wp-json\/wp\/v2\/product\/155630","targetHints":{"allow":["GET"]}}],"collection":[{"href":"https:\/\/www.propromo.ee\/et\/wp-json\/wp\/v2\/product"}],"about":[{"href":"https:\/\/www.propromo.ee\/et\/wp-json\/wp\/v2\/types\/product"}],"replies":[{"embeddable":true,"href":"https:\/\/www.propromo.ee\/et\/wp-json\/wp\/v2\/comments?post=155630"}],"wp:attachment":[{"href":"https:\/\/www.propromo.ee\/et\/wp-json\/wp\/v2\/media?parent=155630"}],"wp:term":[{"taxonomy":"product_brand","embeddable":true,"href":"https:\/\/www.propromo.ee\/et\/wp-json\/wp\/v2\/product_brand?post=155630"},{"taxonomy":"product_cat","embeddable":true,"href":"https:\/\/www.propromo.ee\/et\/wp-json\/wp\/v2\/product_cat?post=155630"},{"taxonomy":"product_tag","embeddable":true,"href":"https:\/\/www.propromo.ee\/et\/wp-json\/wp\/v2\/product_tag?post=155630"}],"curies":[{"name":"wp","href":"https:\/\/api.w.org\/{rel}","templated":true}]}}