{"id":155684,"date":"2024-01-09T22:57:39","date_gmt":"2024-01-09T22:57:39","guid":{"rendered":"https:\/\/www.propromo.ee\/product\/himalaya-meeste-luhikese-lukuga-fliisjakk\/"},"modified":"2024-01-09T22:57:39","modified_gmt":"2024-01-09T22:57:39","slug":"himalaya-meeste-luhikese-lukuga-fliisjakk","status":"publish","type":"product","link":"https:\/\/www.propromo.ee\/et\/toode\/himalaya-meeste-luhikese-lukuga-fliisjakk\/","title":{"rendered":"Himalaya meeste l\u00fchikese lukuga fliisjakk"},"content":{"rendered":"<p>Kaela- ja l\u00f5uakaitses poollukuga mikrofliis. K\u00e4ised koos sobiva elastse \u00e4\u00e4ristusega. Eemaldatav etikett.   <\/p>\n","protected":false},"excerpt":{"rendered":"<p>Kaela- ja l\u00f5uakaitses poollukuga mikrofliis. K\u00e4ised koos sobiva elastse \u00e4\u00e4ristusega. Eemaldatav etikett.   <\/p>\n","protected":false},"featured_media":0,"comment_status":"closed","ping_status":"open","template":"","meta":[],"product_brand":[],"product_cat":[15],"product_tag":[],"class_list":{"0":"post-155684","1":"product","2":"type-product","3":"status-publish","5":"product_cat-uncategorized","7":"first","8":"outofstock","9":"taxable","10":"shipping-taxable","11":"purchasable","12":"product-type-variable"},"_links":{"self":[{"href":"https:\/\/www.propromo.ee\/et\/wp-json\/wp\/v2\/product\/155684","targetHints":{"allow":["GET"]}}],"collection":[{"href":"https:\/\/www.propromo.ee\/et\/wp-json\/wp\/v2\/product"}],"about":[{"href":"https:\/\/www.propromo.ee\/et\/wp-json\/wp\/v2\/types\/product"}],"replies":[{"embeddable":true,"href":"https:\/\/www.propromo.ee\/et\/wp-json\/wp\/v2\/comments?post=155684"}],"wp:attachment":[{"href":"https:\/\/www.propromo.ee\/et\/wp-json\/wp\/v2\/media?parent=155684"}],"wp:term":[{"taxonomy":"product_brand","embeddable":true,"href":"https:\/\/www.propromo.ee\/et\/wp-json\/wp\/v2\/product_brand?post=155684"},{"taxonomy":"product_cat","embeddable":true,"href":"https:\/\/www.propromo.ee\/et\/wp-json\/wp\/v2\/product_cat?post=155684"},{"taxonomy":"product_tag","embeddable":true,"href":"https:\/\/www.propromo.ee\/et\/wp-json\/wp\/v2\/product_tag?post=155684"}],"curies":[{"name":"wp","href":"https:\/\/api.w.org\/{rel}","templated":true}]}}