{"id":155949,"date":"2024-01-09T02:39:29","date_gmt":"2024-01-09T02:39:29","guid":{"rendered":"https:\/\/www.propromo.ee\/product\/charoni-naiste-dressipluus\/"},"modified":"2024-01-09T02:39:29","modified_gmt":"2024-01-09T02:39:29","slug":"charoni-naiste-dressipluus","status":"publish","type":"product","link":"https:\/\/www.propromo.ee\/et\/toode\/charoni-naiste-dressipluus\/","title":{"rendered":"Charoni naiste dressipluus"},"content":{"rendered":"<p>Charoni naiste dressipluus \u2013 \u00fclimalt mugav stiil. Valmistatud 240 g\/m\u00b2 puuvilla ja pol\u00fcestri segust, mis on ideaalne tasakaal mugavuse ja hingavuse vahel. Harjatud sisemus tagab hubasuse, mida t\u00e4iendavad mugavust optimeerivad lamedad kootud sooniku mansetid ja all\u00e4\u00e4r. Kapuutsis olev reguleeritav n\u00f6\u00f6r tagab isikup\u00e4rase istuvuse, samas kui k\u00e4ngurutasku lisab funktsionaalsust. \u00dcksk\u00f5ik, kas l\u00f5\u00f5gastute kodus v\u00f5i suundute juhuslikule seiklusele, Charoni dressipluus on ideaalne kaaslane igas olukorras. See dressipluus on kujundatud taljesse l\u00f5ikega andes enam naiselikuu v\u00e4limust.      <\/p>\n","protected":false},"excerpt":{"rendered":"<p>Charoni naiste dressipluus \u2013 \u00fclimalt mugav stiil. Valmistatud 240 g\/m\u00b2 puuvilla ja pol\u00fcestri segust, mis on ideaalne tasakaal mugavuse ja hingavuse vahel. Harjatud sisemus tagab hubasuse, mida t\u00e4iendavad mugavust optimeerivad lamedad kootud sooniku mansetid ja all\u00e4\u00e4r. Kapuutsis olev reguleeritav n\u00f6\u00f6r tagab isikup\u00e4rase istuvuse, samas kui k\u00e4ngurutasku lisab funktsionaalsust. \u00dcksk\u00f5ik, kas l\u00f5\u00f5gastute kodus v\u00f5i suundute juhuslikule seiklusele, Charoni dressipluus on ideaalne kaaslane igas olukorras. See dressipluus on kujundatud taljesse l\u00f5ikega andes enam naiselikuu v\u00e4limust.      <\/p>\n","protected":false},"featured_media":0,"comment_status":"closed","ping_status":"open","template":"","meta":[],"product_brand":[],"product_cat":[15],"product_tag":[],"class_list":{"0":"post-155949","1":"product","2":"type-product","3":"status-publish","5":"product_cat-uncategorized","7":"first","8":"outofstock","9":"taxable","10":"shipping-taxable","11":"purchasable","12":"product-type-variable"},"_links":{"self":[{"href":"https:\/\/www.propromo.ee\/et\/wp-json\/wp\/v2\/product\/155949","targetHints":{"allow":["GET"]}}],"collection":[{"href":"https:\/\/www.propromo.ee\/et\/wp-json\/wp\/v2\/product"}],"about":[{"href":"https:\/\/www.propromo.ee\/et\/wp-json\/wp\/v2\/types\/product"}],"replies":[{"embeddable":true,"href":"https:\/\/www.propromo.ee\/et\/wp-json\/wp\/v2\/comments?post=155949"}],"wp:attachment":[{"href":"https:\/\/www.propromo.ee\/et\/wp-json\/wp\/v2\/media?parent=155949"}],"wp:term":[{"taxonomy":"product_brand","embeddable":true,"href":"https:\/\/www.propromo.ee\/et\/wp-json\/wp\/v2\/product_brand?post=155949"},{"taxonomy":"product_cat","embeddable":true,"href":"https:\/\/www.propromo.ee\/et\/wp-json\/wp\/v2\/product_cat?post=155949"},{"taxonomy":"product_tag","embeddable":true,"href":"https:\/\/www.propromo.ee\/et\/wp-json\/wp\/v2\/product_tag?post=155949"}],"curies":[{"name":"wp","href":"https:\/\/api.w.org\/{rel}","templated":true}]}}