{"id":156003,"date":"2024-01-09T02:37:45","date_gmt":"2024-01-09T02:37:45","guid":{"rendered":"https:\/\/www.propromo.ee\/product\/charoni-meeste-dressipluus\/"},"modified":"2024-01-09T02:37:45","modified_gmt":"2024-01-09T02:37:45","slug":"charoni-meeste-dressipluus","status":"publish","type":"product","link":"https:\/\/www.propromo.ee\/et\/toode\/charoni-meeste-dressipluus\/","title":{"rendered":"Charoni meeste dressipluus"},"content":{"rendered":"<p>Charoni meeste dressipluus \u2013 \u00fclimalt mugav stiil. Valmistatud 240 g\/m\u00b2 puuvilla ja pol\u00fcestri segust, mis on ideaalne tasakaal mugavuse ja hingavuse vahel. Harjatud sisemus tagab pehme tunde, mida t\u00e4iendavad mugavust optimeerivad lamedad kootud sooniku mansetid ja all\u00e4\u00e4r. Kapuutsi reguleeritav pingutusn\u00f6\u00f6r pakub isikup\u00e4rastatud istuvust, samas kui k\u00e4ngurutasku lisab funktsionaalsust. \u00dcksk\u00f5ik, kas l\u00f5\u00f5gastute kodus v\u00f5i suundute juhuslikule seiklusele, Charoni dressipluus on ideaalne kaaslane igas olukorras.     <\/p>\n","protected":false},"excerpt":{"rendered":"<p>Charoni meeste dressipluus \u2013 \u00fclimalt mugav stiil. Valmistatud 240 g\/m\u00b2 puuvilla ja pol\u00fcestri segust, mis on ideaalne tasakaal mugavuse ja hingavuse vahel. Harjatud sisemus tagab pehme tunde, mida t\u00e4iendavad mugavust optimeerivad lamedad kootud sooniku mansetid ja all\u00e4\u00e4r. Kapuutsi reguleeritav pingutusn\u00f6\u00f6r pakub isikup\u00e4rastatud istuvust, samas kui k\u00e4ngurutasku lisab funktsionaalsust. \u00dcksk\u00f5ik, kas l\u00f5\u00f5gastute kodus v\u00f5i suundute juhuslikule seiklusele, Charoni dressipluus on ideaalne kaaslane igas olukorras.     <\/p>\n","protected":false},"featured_media":0,"comment_status":"closed","ping_status":"open","template":"","meta":[],"product_brand":[],"product_cat":[15],"product_tag":[],"class_list":{"0":"post-156003","1":"product","2":"type-product","3":"status-publish","5":"product_cat-uncategorized","7":"first","8":"instock","9":"taxable","10":"shipping-taxable","11":"purchasable","12":"product-type-variable"},"_links":{"self":[{"href":"https:\/\/www.propromo.ee\/et\/wp-json\/wp\/v2\/product\/156003","targetHints":{"allow":["GET"]}}],"collection":[{"href":"https:\/\/www.propromo.ee\/et\/wp-json\/wp\/v2\/product"}],"about":[{"href":"https:\/\/www.propromo.ee\/et\/wp-json\/wp\/v2\/types\/product"}],"replies":[{"embeddable":true,"href":"https:\/\/www.propromo.ee\/et\/wp-json\/wp\/v2\/comments?post=156003"}],"wp:attachment":[{"href":"https:\/\/www.propromo.ee\/et\/wp-json\/wp\/v2\/media?parent=156003"}],"wp:term":[{"taxonomy":"product_brand","embeddable":true,"href":"https:\/\/www.propromo.ee\/et\/wp-json\/wp\/v2\/product_brand?post=156003"},{"taxonomy":"product_cat","embeddable":true,"href":"https:\/\/www.propromo.ee\/et\/wp-json\/wp\/v2\/product_cat?post=156003"},{"taxonomy":"product_tag","embeddable":true,"href":"https:\/\/www.propromo.ee\/et\/wp-json\/wp\/v2\/product_tag?post=156003"}],"curies":[{"name":"wp","href":"https:\/\/api.w.org\/{rel}","templated":true}]}}