{"id":156068,"date":"2024-01-09T00:07:42","date_gmt":"2024-01-09T00:07:42","guid":{"rendered":"https:\/\/www.propromo.ee\/product\/theron-meeste-taistomblukuga-dressipluus\/"},"modified":"2024-01-09T00:07:42","modified_gmt":"2024-01-09T00:07:42","slug":"theron-meeste-taistomblukuga-dressipluus","status":"publish","type":"product","link":"https:\/\/www.propromo.ee\/et\/toode\/theron-meeste-taistomblukuga-dressipluus\/","title":{"rendered":"Theron meeste t\u00e4ist\u00f5mblukuga dressipluus"},"content":{"rendered":"<p>Theron meeste t\u00f5mblukuga dressipluus \u2013 kus stiil kohtub t\u00e4iuslikus harmoonias mugavusega. See dressipluus on klassikalise disaini t\u00f5eline kehastus. K\u00e4ngurutasku \u00fchendab mugavuse kaasaegse esteetikaga. Lame kootud sooniku all\u00e4\u00e4r ja k\u00e4tised tagavad kindla istuvuse, samal ajal kui harjatud sisemus maksimeerib pehmust. 240 g\/m\u00b2 puuvilla ja pol\u00fcestri segu t\u00f5otab soojust ja vastupidavust.      <\/p>\n","protected":false},"excerpt":{"rendered":"<p>Theron meeste t\u00f5mblukuga dressipluus \u2013 kus stiil kohtub t\u00e4iuslikus harmoonias mugavusega. See dressipluus on klassikalise disaini t\u00f5eline kehastus. K\u00e4ngurutasku \u00fchendab mugavuse kaasaegse esteetikaga. Lame kootud sooniku all\u00e4\u00e4r ja k\u00e4tised tagavad kindla istuvuse, samal ajal kui harjatud sisemus maksimeerib pehmust. 240 g\/m\u00b2 puuvilla ja pol\u00fcestri segu t\u00f5otab soojust ja vastupidavust.      <\/p>\n","protected":false},"featured_media":0,"comment_status":"closed","ping_status":"open","template":"","meta":[],"product_brand":[],"product_cat":[15],"product_tag":[],"class_list":{"0":"post-156068","1":"product","2":"type-product","3":"status-publish","5":"product_cat-uncategorized","7":"first","8":"instock","9":"taxable","10":"shipping-taxable","11":"purchasable","12":"product-type-variable"},"_links":{"self":[{"href":"https:\/\/www.propromo.ee\/et\/wp-json\/wp\/v2\/product\/156068","targetHints":{"allow":["GET"]}}],"collection":[{"href":"https:\/\/www.propromo.ee\/et\/wp-json\/wp\/v2\/product"}],"about":[{"href":"https:\/\/www.propromo.ee\/et\/wp-json\/wp\/v2\/types\/product"}],"replies":[{"embeddable":true,"href":"https:\/\/www.propromo.ee\/et\/wp-json\/wp\/v2\/comments?post=156068"}],"wp:attachment":[{"href":"https:\/\/www.propromo.ee\/et\/wp-json\/wp\/v2\/media?parent=156068"}],"wp:term":[{"taxonomy":"product_brand","embeddable":true,"href":"https:\/\/www.propromo.ee\/et\/wp-json\/wp\/v2\/product_brand?post=156068"},{"taxonomy":"product_cat","embeddable":true,"href":"https:\/\/www.propromo.ee\/et\/wp-json\/wp\/v2\/product_cat?post=156068"},{"taxonomy":"product_tag","embeddable":true,"href":"https:\/\/www.propromo.ee\/et\/wp-json\/wp\/v2\/product_tag?post=156068"}],"curies":[{"name":"wp","href":"https:\/\/api.w.org\/{rel}","templated":true}]}}