{"id":157006,"date":"2024-01-09T23:38:58","date_gmt":"2024-01-09T23:38:58","guid":{"rendered":"https:\/\/www.propromo.ee\/product\/ulan-unisex-lukuga-sviiter\/"},"modified":"2024-01-09T23:38:58","modified_gmt":"2024-01-09T23:38:58","slug":"ulan-unisex-lukuga-sviiter","status":"publish","type":"product","link":"https:\/\/www.propromo.ee\/et\/toode\/ulan-unisex-lukuga-sviiter\/","title":{"rendered":"Ulan unisex lukuga sviiter"},"content":{"rendered":"<p>K\u00f5rge kraega sviiter sobiva lukuga. Sobiv sisekrae tugevdatud kaetud \u00f5mblustega. K\u00e4tistes ja v\u00f6\u00f6kohas 1&#215;1 soonikkangas. Eemaldatav etikett.    <\/p>\n","protected":false},"excerpt":{"rendered":"<p>K\u00f5rge kraega sviiter sobiva lukuga. Sobiv sisekrae tugevdatud kaetud \u00f5mblustega. K\u00e4tistes ja v\u00f6\u00f6kohas 1&#215;1 soonikkangas. Eemaldatav etikett.    <\/p>\n","protected":false},"featured_media":0,"comment_status":"closed","ping_status":"open","template":"","meta":[],"product_brand":[],"product_cat":[15],"product_tag":[],"class_list":{"0":"post-157006","1":"product","2":"type-product","3":"status-publish","5":"product_cat-uncategorized","7":"first","8":"instock","9":"taxable","10":"shipping-taxable","11":"purchasable","12":"product-type-variable"},"_links":{"self":[{"href":"https:\/\/www.propromo.ee\/et\/wp-json\/wp\/v2\/product\/157006","targetHints":{"allow":["GET"]}}],"collection":[{"href":"https:\/\/www.propromo.ee\/et\/wp-json\/wp\/v2\/product"}],"about":[{"href":"https:\/\/www.propromo.ee\/et\/wp-json\/wp\/v2\/types\/product"}],"replies":[{"embeddable":true,"href":"https:\/\/www.propromo.ee\/et\/wp-json\/wp\/v2\/comments?post=157006"}],"wp:attachment":[{"href":"https:\/\/www.propromo.ee\/et\/wp-json\/wp\/v2\/media?parent=157006"}],"wp:term":[{"taxonomy":"product_brand","embeddable":true,"href":"https:\/\/www.propromo.ee\/et\/wp-json\/wp\/v2\/product_brand?post=157006"},{"taxonomy":"product_cat","embeddable":true,"href":"https:\/\/www.propromo.ee\/et\/wp-json\/wp\/v2\/product_cat?post=157006"},{"taxonomy":"product_tag","embeddable":true,"href":"https:\/\/www.propromo.ee\/et\/wp-json\/wp\/v2\/product_tag?post=157006"}],"curies":[{"name":"wp","href":"https:\/\/api.w.org\/{rel}","templated":true}]}}