{"id":162714,"date":"2024-01-09T23:50:32","date_gmt":"2024-01-09T23:50:32","guid":{"rendered":"https:\/\/www.propromo.ee\/product\/soome-naiste-soojustatud-jope\/"},"modified":"2024-03-05T18:10:25","modified_gmt":"2024-03-05T18:10:25","slug":"soome-naiste-soojustatud-jope","status":"publish","type":"product","link":"https:\/\/www.propromo.ee\/et\/toode\/soome-naiste-soojustatud-jope\/","title":{"rendered":"Soome naiste soojustatud jope"},"content":{"rendered":"<p>Naiste tepitud jope sulgedega pehme polstriga. P\u00f6\u00f6ratud t\u00f5mblukud koos sobiva l\u00f5uakaitse ja lukuotsikuga. Kaks lukuga esitaskut. Elastsed \u00e4\u00e4rised kraes, k\u00e4tistel ja all\u00e4\u00e4rel. Kontrastne sisevooder. Kaasas kandekott. Taljesse l\u00f5ige. Eemaldatav etikett. Veekindel. Tuulekindel.           <\/p>\n","protected":false},"excerpt":{"rendered":"<p>Naiste tepitud jope sulgedega pehme polstriga. P\u00f6\u00f6ratud t\u00f5mblukud koos sobiva l\u00f5uakaitse ja lukuotsikuga. Kaks lukuga esitaskut. Elastsed \u00e4\u00e4rised kraes, k\u00e4tistel ja all\u00e4\u00e4rel. Kontrastne sisevooder. Kaasas kandekott. Taljesse l\u00f5ige. Eemaldatav etikett. Veekindel. Tuulekindel.           <\/p>\n","protected":false},"featured_media":0,"comment_status":"closed","ping_status":"open","template":"","meta":[],"product_brand":[],"product_cat":[15],"product_tag":[],"class_list":{"0":"post-162714","1":"product","2":"type-product","3":"status-publish","5":"product_cat-uncategorized","7":"first","8":"instock","9":"taxable","10":"shipping-taxable","11":"purchasable","12":"product-type-variable"},"_links":{"self":[{"href":"https:\/\/www.propromo.ee\/et\/wp-json\/wp\/v2\/product\/162714","targetHints":{"allow":["GET"]}}],"collection":[{"href":"https:\/\/www.propromo.ee\/et\/wp-json\/wp\/v2\/product"}],"about":[{"href":"https:\/\/www.propromo.ee\/et\/wp-json\/wp\/v2\/types\/product"}],"replies":[{"embeddable":true,"href":"https:\/\/www.propromo.ee\/et\/wp-json\/wp\/v2\/comments?post=162714"}],"wp:attachment":[{"href":"https:\/\/www.propromo.ee\/et\/wp-json\/wp\/v2\/media?parent=162714"}],"wp:term":[{"taxonomy":"product_brand","embeddable":true,"href":"https:\/\/www.propromo.ee\/et\/wp-json\/wp\/v2\/product_brand?post=162714"},{"taxonomy":"product_cat","embeddable":true,"href":"https:\/\/www.propromo.ee\/et\/wp-json\/wp\/v2\/product_cat?post=162714"},{"taxonomy":"product_tag","embeddable":true,"href":"https:\/\/www.propromo.ee\/et\/wp-json\/wp\/v2\/product_tag?post=162714"}],"curies":[{"name":"wp","href":"https:\/\/api.w.org\/{rel}","templated":true}]}}