{"id":162750,"date":"2024-01-09T23:29:41","date_gmt":"2024-01-09T23:29:41","guid":{"rendered":"https:\/\/www.propromo.ee\/product\/sitka-meeste-vihmamantel\/"},"modified":"2024-01-09T23:29:41","modified_gmt":"2024-01-09T23:29:41","slug":"sitka-meeste-vihmamantel","status":"publish","type":"product","link":"https:\/\/www.propromo.ee\/et\/toode\/sitka-meeste-vihmamantel\/","title":{"rendered":"Sitka meeste vihmamantel"},"content":{"rendered":"<p>Veekindel vihmamantel. Kapuuts. Kuumkinnitusega lukud ja \u00f5mblused. Mustad kontrastsed detailid. Kaks lukuga k\u00fcljetaskut. Taga\u00e4\u00e4rel l\u00f5hik. Eemaldatav etikett. Veekindel.        <\/p>\n","protected":false},"excerpt":{"rendered":"<p>Veekindel vihmamantel. Kapuuts. Kuumkinnitusega lukud ja \u00f5mblused. Mustad kontrastsed detailid. Kaks lukuga k\u00fcljetaskut. Taga\u00e4\u00e4rel l\u00f5hik. Eemaldatav etikett. Veekindel.        <\/p>\n","protected":false},"featured_media":0,"comment_status":"closed","ping_status":"open","template":"","meta":[],"product_brand":[],"product_cat":[15],"product_tag":[],"class_list":{"0":"post-162750","1":"product","2":"type-product","3":"status-publish","5":"product_cat-uncategorized","7":"first","8":"instock","9":"taxable","10":"shipping-taxable","11":"purchasable","12":"product-type-variable"},"_links":{"self":[{"href":"https:\/\/www.propromo.ee\/et\/wp-json\/wp\/v2\/product\/162750","targetHints":{"allow":["GET"]}}],"collection":[{"href":"https:\/\/www.propromo.ee\/et\/wp-json\/wp\/v2\/product"}],"about":[{"href":"https:\/\/www.propromo.ee\/et\/wp-json\/wp\/v2\/types\/product"}],"replies":[{"embeddable":true,"href":"https:\/\/www.propromo.ee\/et\/wp-json\/wp\/v2\/comments?post=162750"}],"wp:attachment":[{"href":"https:\/\/www.propromo.ee\/et\/wp-json\/wp\/v2\/media?parent=162750"}],"wp:term":[{"taxonomy":"product_brand","embeddable":true,"href":"https:\/\/www.propromo.ee\/et\/wp-json\/wp\/v2\/product_brand?post=162750"},{"taxonomy":"product_cat","embeddable":true,"href":"https:\/\/www.propromo.ee\/et\/wp-json\/wp\/v2\/product_cat?post=162750"},{"taxonomy":"product_tag","embeddable":true,"href":"https:\/\/www.propromo.ee\/et\/wp-json\/wp\/v2\/product_tag?post=162750"}],"curies":[{"name":"wp","href":"https:\/\/api.w.org\/{rel}","templated":true}]}}