{"id":162788,"date":"2024-01-09T23:27:28","date_gmt":"2024-01-09T23:27:28","guid":{"rendered":"https:\/\/www.propromo.ee\/product\/rudolph-unisex-softshell-jope\/"},"modified":"2024-01-09T23:27:28","modified_gmt":"2024-01-09T23:27:28","slug":"rudolph-unisex-softshell-jope","status":"publish","type":"product","link":"https:\/\/www.propromo.ee\/et\/toode\/rudolph-unisex-softshell-jope\/","title":{"rendered":"Rudolph unisex softshell jope"},"content":{"rendered":"<p>3-kihiline softshell jope: t\u00e4ist\u00f5mblukk koos l\u00f5uakaitsega. T\u00f5mblukuga v\u00e4listasku Varrukatel haak- ja aaskinnitused. All\u00e4\u00e4r elastse n\u00f6\u00f6riga ja reguleeritavate stopperitega sees. 1000 mm veekindel. Tuulekindel.         <\/p>\n","protected":false},"excerpt":{"rendered":"<p>3-kihiline softshell jope: t\u00e4ist\u00f5mblukk koos l\u00f5uakaitsega. T\u00f5mblukuga v\u00e4listasku Varrukatel haak- ja aaskinnitused. All\u00e4\u00e4r elastse n\u00f6\u00f6riga ja reguleeritavate stopperitega sees. 1000 mm veekindel. Tuulekindel.         <\/p>\n","protected":false},"featured_media":0,"comment_status":"closed","ping_status":"open","template":"","meta":[],"product_brand":[],"product_cat":[15],"product_tag":[],"class_list":{"0":"post-162788","1":"product","2":"type-product","3":"status-publish","5":"product_cat-uncategorized","7":"first","8":"instock","9":"taxable","10":"shipping-taxable","11":"purchasable","12":"product-type-variable"},"_links":{"self":[{"href":"https:\/\/www.propromo.ee\/et\/wp-json\/wp\/v2\/product\/162788","targetHints":{"allow":["GET"]}}],"collection":[{"href":"https:\/\/www.propromo.ee\/et\/wp-json\/wp\/v2\/product"}],"about":[{"href":"https:\/\/www.propromo.ee\/et\/wp-json\/wp\/v2\/types\/product"}],"replies":[{"embeddable":true,"href":"https:\/\/www.propromo.ee\/et\/wp-json\/wp\/v2\/comments?post=162788"}],"wp:attachment":[{"href":"https:\/\/www.propromo.ee\/et\/wp-json\/wp\/v2\/media?parent=162788"}],"wp:term":[{"taxonomy":"product_brand","embeddable":true,"href":"https:\/\/www.propromo.ee\/et\/wp-json\/wp\/v2\/product_brand?post=162788"},{"taxonomy":"product_cat","embeddable":true,"href":"https:\/\/www.propromo.ee\/et\/wp-json\/wp\/v2\/product_cat?post=162788"},{"taxonomy":"product_tag","embeddable":true,"href":"https:\/\/www.propromo.ee\/et\/wp-json\/wp\/v2\/product_tag?post=162788"}],"curies":[{"name":"wp","href":"https:\/\/api.w.org\/{rel}","templated":true}]}}