{"id":162831,"date":"2024-01-09T23:27:28","date_gmt":"2024-01-09T23:27:28","guid":{"rendered":"https:\/\/www.propromo.ee\/product\/siberia-unisex-softshell-jope\/"},"modified":"2024-03-05T18:25:31","modified_gmt":"2024-03-05T18:25:31","slug":"siberia-unisex-softshell-jope","status":"publish","type":"product","link":"https:\/\/www.propromo.ee\/et\/toode\/siberia-unisex-softshell-jope\/","title":{"rendered":"Siberia unisex softshell jope"},"content":{"rendered":"<p>2-kihiline sportliku l\u00f5ikega softshell: kontrastne keskne t\u00f5mblukk koos l\u00f5uakaitsega. Sisevooder kontrastsest mikrofliiskangast. Paremal rinnal v\u00e4listasku diagonaalselt n\u00e4htamatu lukuga. Kaks n\u00e4htamatu lukuga k\u00fcljetaskut. Vasakul varrukal tasku. Varrukatel ja all\u00e4\u00e4res sobiv elastne \u00e4\u00e4ris. Kokkupandav kapuuts kontrastse mikropolaarse voodriga. Eemaldatav etikett. Veekindel. Tuulekindel.          <\/p>\n","protected":false},"excerpt":{"rendered":"<p>2-kihiline sportliku l\u00f5ikega softshell: kontrastne keskne t\u00f5mblukk koos l\u00f5uakaitsega. Sisevooder kontrastsest mikrofliiskangast. Paremal rinnal v\u00e4listasku diagonaalselt n\u00e4htamatu lukuga. Kaks n\u00e4htamatu lukuga k\u00fcljetaskut. Vasakul varrukal tasku. Varrukatel ja all\u00e4\u00e4res sobiv elastne \u00e4\u00e4ris. Kokkupandav kapuuts kontrastse mikropolaarse voodriga. Eemaldatav etikett. Veekindel. Tuulekindel.          <\/p>\n","protected":false},"featured_media":0,"comment_status":"closed","ping_status":"open","template":"","meta":[],"product_brand":[],"product_cat":[15],"product_tag":[],"class_list":{"0":"post-162831","1":"product","2":"type-product","3":"status-publish","5":"product_cat-uncategorized","7":"first","8":"instock","9":"taxable","10":"shipping-taxable","11":"purchasable","12":"product-type-variable"},"_links":{"self":[{"href":"https:\/\/www.propromo.ee\/et\/wp-json\/wp\/v2\/product\/162831","targetHints":{"allow":["GET"]}}],"collection":[{"href":"https:\/\/www.propromo.ee\/et\/wp-json\/wp\/v2\/product"}],"about":[{"href":"https:\/\/www.propromo.ee\/et\/wp-json\/wp\/v2\/types\/product"}],"replies":[{"embeddable":true,"href":"https:\/\/www.propromo.ee\/et\/wp-json\/wp\/v2\/comments?post=162831"}],"wp:attachment":[{"href":"https:\/\/www.propromo.ee\/et\/wp-json\/wp\/v2\/media?parent=162831"}],"wp:term":[{"taxonomy":"product_brand","embeddable":true,"href":"https:\/\/www.propromo.ee\/et\/wp-json\/wp\/v2\/product_brand?post=162831"},{"taxonomy":"product_cat","embeddable":true,"href":"https:\/\/www.propromo.ee\/et\/wp-json\/wp\/v2\/product_cat?post=162831"},{"taxonomy":"product_tag","embeddable":true,"href":"https:\/\/www.propromo.ee\/et\/wp-json\/wp\/v2\/product_tag?post=162831"}],"curies":[{"name":"wp","href":"https:\/\/api.w.org\/{rel}","templated":true}]}}