{"id":162899,"date":"2024-01-09T23:18:27","date_gmt":"2024-01-09T23:18:27","guid":{"rendered":"https:\/\/www.propromo.ee\/product\/norra-naiste-soojustusega-jope\/"},"modified":"2024-01-09T23:18:27","modified_gmt":"2024-01-09T23:18:27","slug":"norra-naiste-soojustusega-jope","status":"publish","type":"product","link":"https:\/\/www.propromo.ee\/et\/toode\/norra-naiste-soojustusega-jope\/","title":{"rendered":"Norra naiste soojustusega jope"},"content":{"rendered":"<p>Naiste sulgedest pehme tepitud jakk koos kapuutsiga. P\u00f6\u00f6ratud lukud koos l\u00f5uakaitsega. Kaks lukuga esitaskut. Sobivad elastsed \u00e4\u00e4rised varrukatel, all\u00e4\u00e4rel ja kapuutsil. Kontrastne sisevooder. Kaasas kandekott. Taljesse l\u00f5ige. Veekindel. Tuulekindel mudel.         <\/p>\n","protected":false},"excerpt":{"rendered":"<p>Naiste sulgedest pehme tepitud jakk koos kapuutsiga. P\u00f6\u00f6ratud lukud koos l\u00f5uakaitsega. Kaks lukuga esitaskut. Sobivad elastsed \u00e4\u00e4rised varrukatel, all\u00e4\u00e4rel ja kapuutsil. Kontrastne sisevooder. Kaasas kandekott. Taljesse l\u00f5ige. Veekindel. Tuulekindel mudel.         <\/p>\n","protected":false},"featured_media":0,"comment_status":"closed","ping_status":"open","template":"","meta":[],"product_brand":[],"product_cat":[15],"product_tag":[],"class_list":{"0":"post-162899","1":"product","2":"type-product","3":"status-publish","5":"product_cat-uncategorized","7":"first","8":"instock","9":"taxable","10":"shipping-taxable","11":"purchasable","12":"product-type-variable"},"_links":{"self":[{"href":"https:\/\/www.propromo.ee\/et\/wp-json\/wp\/v2\/product\/162899","targetHints":{"allow":["GET"]}}],"collection":[{"href":"https:\/\/www.propromo.ee\/et\/wp-json\/wp\/v2\/product"}],"about":[{"href":"https:\/\/www.propromo.ee\/et\/wp-json\/wp\/v2\/types\/product"}],"replies":[{"embeddable":true,"href":"https:\/\/www.propromo.ee\/et\/wp-json\/wp\/v2\/comments?post=162899"}],"wp:attachment":[{"href":"https:\/\/www.propromo.ee\/et\/wp-json\/wp\/v2\/media?parent=162899"}],"wp:term":[{"taxonomy":"product_brand","embeddable":true,"href":"https:\/\/www.propromo.ee\/et\/wp-json\/wp\/v2\/product_brand?post=162899"},{"taxonomy":"product_cat","embeddable":true,"href":"https:\/\/www.propromo.ee\/et\/wp-json\/wp\/v2\/product_cat?post=162899"},{"taxonomy":"product_tag","embeddable":true,"href":"https:\/\/www.propromo.ee\/et\/wp-json\/wp\/v2\/product_tag?post=162899"}],"curies":[{"name":"wp","href":"https:\/\/api.w.org\/{rel}","templated":true}]}}