{"id":162915,"date":"2024-01-09T23:16:53","date_gmt":"2024-01-09T23:16:53","guid":{"rendered":"https:\/\/www.propromo.ee\/product\/nepal-unisex-isoleeritud-parka\/"},"modified":"2024-01-09T23:16:53","modified_gmt":"2024-01-09T23:16:53","slug":"nepal-unisex-isoleeritud-parka","status":"publish","type":"product","link":"https:\/\/www.propromo.ee\/et\/toode\/nepal-unisex-isoleeritud-parka\/","title":{"rendered":"Nepal unisex isoleeritud parka"},"content":{"rendered":"<p>Polsterdatud spordiparka. Tipuga kapuuts. Ees t\u00f5mblukk koos sobiva luikuotsiku ja l\u00f5uakaitsega. Elastsed k\u00e4tised. Kaks lukuga k\u00fcljetaskut. Sisemine vasak rinnatasku. Sisemine juurdep\u00e4\u00e4s n\u00e4iteks tikandiks. Eemaldatav etikett. Veekindel. Tuulekindel.         <\/p>\n","protected":false},"excerpt":{"rendered":"<p>Polsterdatud spordiparka. Tipuga kapuuts. Ees t\u00f5mblukk koos sobiva luikuotsiku ja l\u00f5uakaitsega. Elastsed k\u00e4tised. Kaks lukuga k\u00fcljetaskut. Sisemine vasak rinnatasku. Sisemine juurdep\u00e4\u00e4s n\u00e4iteks tikandiks. Eemaldatav etikett. Veekindel. Tuulekindel.         <\/p>\n","protected":false},"featured_media":0,"comment_status":"closed","ping_status":"open","template":"","meta":[],"product_brand":[],"product_cat":[15],"product_tag":[],"class_list":{"0":"post-162915","1":"product","2":"type-product","3":"status-publish","5":"product_cat-uncategorized","7":"first","8":"instock","9":"taxable","10":"shipping-taxable","11":"purchasable","12":"product-type-variable"},"_links":{"self":[{"href":"https:\/\/www.propromo.ee\/et\/wp-json\/wp\/v2\/product\/162915","targetHints":{"allow":["GET"]}}],"collection":[{"href":"https:\/\/www.propromo.ee\/et\/wp-json\/wp\/v2\/product"}],"about":[{"href":"https:\/\/www.propromo.ee\/et\/wp-json\/wp\/v2\/types\/product"}],"replies":[{"embeddable":true,"href":"https:\/\/www.propromo.ee\/et\/wp-json\/wp\/v2\/comments?post=162915"}],"wp:attachment":[{"href":"https:\/\/www.propromo.ee\/et\/wp-json\/wp\/v2\/media?parent=162915"}],"wp:term":[{"taxonomy":"product_brand","embeddable":true,"href":"https:\/\/www.propromo.ee\/et\/wp-json\/wp\/v2\/product_brand?post=162915"},{"taxonomy":"product_cat","embeddable":true,"href":"https:\/\/www.propromo.ee\/et\/wp-json\/wp\/v2\/product_cat?post=162915"},{"taxonomy":"product_tag","embeddable":true,"href":"https:\/\/www.propromo.ee\/et\/wp-json\/wp\/v2\/product_tag?post=162915"}],"curies":[{"name":"wp","href":"https:\/\/api.w.org\/{rel}","templated":true}]}}