{"id":162928,"date":"2024-01-09T23:06:53","date_gmt":"2024-01-09T23:06:53","guid":{"rendered":"https:\/\/www.propromo.ee\/product\/minsk-unisex-hubriid-isoleeritud-jope\/"},"modified":"2024-01-09T23:06:53","modified_gmt":"2024-01-09T23:06:53","slug":"minsk-unisex-hubriid-isoleeritud-jope","status":"publish","type":"product","link":"https:\/\/www.propromo.ee\/et\/toode\/minsk-unisex-hubriid-isoleeritud-jope\/","title":{"rendered":"Minsk unisex h\u00fcbriid isoleeritud jope"},"content":{"rendered":"<p>Kahe kanga kombinatsioonis meeste jope: fikseeritud reguleeritud kapuuts. Raglan varrukad. Varrukad, k\u00fcljepaneelid ja kapuuts softshell kangast. Ees ja taga tepitud sulgedest pehme kangas. P\u00f6\u00f6ratud t\u00f5mblukk koos sobiva l\u00f5uakaitse ja t\u00f5mmitsaga. Kaks lukuga esitaskut. Sobivad elastsed \u00e4\u00e4ristused kraes, k\u00e4tistes ja all\u00e4\u00e4res. Eemaldatav etikett. Tuulekindel mudel.         <\/p>\n","protected":false},"excerpt":{"rendered":"<p>Kahe kanga kombinatsioonis meeste jope: fikseeritud reguleeritud kapuuts. Raglan varrukad. Varrukad, k\u00fcljepaneelid ja kapuuts softshell kangast. Ees ja taga tepitud sulgedest pehme kangas. P\u00f6\u00f6ratud t\u00f5mblukk koos sobiva l\u00f5uakaitse ja t\u00f5mmitsaga. Kaks lukuga esitaskut. Sobivad elastsed \u00e4\u00e4ristused kraes, k\u00e4tistes ja all\u00e4\u00e4res. Eemaldatav etikett. Tuulekindel mudel.         <\/p>\n","protected":false},"featured_media":0,"comment_status":"closed","ping_status":"open","template":"","meta":[],"product_brand":[],"product_cat":[15],"product_tag":[],"class_list":{"0":"post-162928","1":"product","2":"type-product","3":"status-publish","5":"product_cat-uncategorized","7":"first","8":"instock","9":"taxable","10":"shipping-taxable","11":"purchasable","12":"product-type-variable"},"_links":{"self":[{"href":"https:\/\/www.propromo.ee\/et\/wp-json\/wp\/v2\/product\/162928","targetHints":{"allow":["GET"]}}],"collection":[{"href":"https:\/\/www.propromo.ee\/et\/wp-json\/wp\/v2\/product"}],"about":[{"href":"https:\/\/www.propromo.ee\/et\/wp-json\/wp\/v2\/types\/product"}],"replies":[{"embeddable":true,"href":"https:\/\/www.propromo.ee\/et\/wp-json\/wp\/v2\/comments?post=162928"}],"wp:attachment":[{"href":"https:\/\/www.propromo.ee\/et\/wp-json\/wp\/v2\/media?parent=162928"}],"wp:term":[{"taxonomy":"product_brand","embeddable":true,"href":"https:\/\/www.propromo.ee\/et\/wp-json\/wp\/v2\/product_brand?post=162928"},{"taxonomy":"product_cat","embeddable":true,"href":"https:\/\/www.propromo.ee\/et\/wp-json\/wp\/v2\/product_cat?post=162928"},{"taxonomy":"product_tag","embeddable":true,"href":"https:\/\/www.propromo.ee\/et\/wp-json\/wp\/v2\/product_tag?post=162928"}],"curies":[{"name":"wp","href":"https:\/\/api.w.org\/{rel}","templated":true}]}}