{"id":162935,"date":"2024-01-09T23:04:24","date_gmt":"2024-01-09T23:04:24","guid":{"rendered":"https:\/\/www.propromo.ee\/product\/makalu-unisex-soojustusega-jope\/"},"modified":"2024-01-09T23:04:24","modified_gmt":"2024-01-09T23:04:24","slug":"makalu-unisex-soojustusega-jope","status":"publish","type":"product","link":"https:\/\/www.propromo.ee\/et\/toode\/makalu-unisex-soojustusega-jope\/","title":{"rendered":"Makalu unisex soojustusega jope"},"content":{"rendered":"<p>Kerge veekindel jope. K\u00f5rge krae ja reguleerijatega kokkupandav kapuuts. Mikrofliisist vooder. Ees t\u00f5mblukk ja l\u00f5uakaitse. Elastsed k\u00e4tised. Kaks lukuga k\u00fcljetaskut. Sisemine vasak rinnatasku. Eemaldatav etikett. Veekindel. Tuulekindel.          <\/p>\n","protected":false},"excerpt":{"rendered":"<p>Kerge veekindel jope. K\u00f5rge krae ja reguleerijatega kokkupandav kapuuts. Mikrofliisist vooder. Ees t\u00f5mblukk ja l\u00f5uakaitse. Elastsed k\u00e4tised. Kaks lukuga k\u00fcljetaskut. Sisemine vasak rinnatasku. Eemaldatav etikett. Veekindel. Tuulekindel.          <\/p>\n","protected":false},"featured_media":0,"comment_status":"closed","ping_status":"open","template":"","meta":[],"product_brand":[],"product_cat":[15],"product_tag":[],"class_list":{"0":"post-162935","1":"product","2":"type-product","3":"status-publish","5":"product_cat-uncategorized","7":"first","8":"instock","9":"taxable","10":"shipping-taxable","11":"purchasable","12":"product-type-variable"},"_links":{"self":[{"href":"https:\/\/www.propromo.ee\/et\/wp-json\/wp\/v2\/product\/162935","targetHints":{"allow":["GET"]}}],"collection":[{"href":"https:\/\/www.propromo.ee\/et\/wp-json\/wp\/v2\/product"}],"about":[{"href":"https:\/\/www.propromo.ee\/et\/wp-json\/wp\/v2\/types\/product"}],"replies":[{"embeddable":true,"href":"https:\/\/www.propromo.ee\/et\/wp-json\/wp\/v2\/comments?post=162935"}],"wp:attachment":[{"href":"https:\/\/www.propromo.ee\/et\/wp-json\/wp\/v2\/media?parent=162935"}],"wp:term":[{"taxonomy":"product_brand","embeddable":true,"href":"https:\/\/www.propromo.ee\/et\/wp-json\/wp\/v2\/product_brand?post=162935"},{"taxonomy":"product_cat","embeddable":true,"href":"https:\/\/www.propromo.ee\/et\/wp-json\/wp\/v2\/product_cat?post=162935"},{"taxonomy":"product_tag","embeddable":true,"href":"https:\/\/www.propromo.ee\/et\/wp-json\/wp\/v2\/product_tag?post=162935"}],"curies":[{"name":"wp","href":"https:\/\/api.w.org\/{rel}","templated":true}]}}