{"id":177839,"date":"2024-01-08T22:27:30","date_gmt":"2024-01-08T22:27:30","guid":{"rendered":"https:\/\/www.propromo.ee\/product\/merrit-naiste-pullover\/"},"modified":"2024-01-08T22:27:30","modified_gmt":"2024-01-08T22:27:30","slug":"merrit-naiste-pullover","status":"publish","type":"product","link":"https:\/\/www.propromo.ee\/et\/toode\/merrit-naiste-pullover\/","title":{"rendered":"Merrit naiste pullover"},"content":{"rendered":"<p>Merrit naiste pullover \u2013 ajatu stiili ja mugavuse suland. Lamedad kootud sooniku detailid krael, k\u00e4tistel ja all\u00e4\u00e4rel, pakkudes peent v\u00f5lu, mis sobib igaks s\u00fcndmuseks. Valmistatud viskoosi ja nailoni segust 12-m\u00f5\u00f5dus lamedas kudumis, pakub see pehmuse, vastupidavuse ja kerge tunde segu. Suurendage oma garderoobi mitmek\u00fclgse Merrit pulloveriga, mis kehastab elegantsi ja kvaliteeti.    <\/p>\n","protected":false},"excerpt":{"rendered":"<p>Merrit naiste pullover \u2013 ajatu stiili ja mugavuse suland. Lamedad kootud sooniku detailid krael, k\u00e4tistel ja all\u00e4\u00e4rel, pakkudes peent v\u00f5lu, mis sobib igaks s\u00fcndmuseks. Valmistatud viskoosi ja nailoni segust 12-m\u00f5\u00f5dus lamedas kudumis, pakub see pehmuse, vastupidavuse ja kerge tunde segu. Suurendage oma garderoobi mitmek\u00fclgse Merrit pulloveriga, mis kehastab elegantsi ja kvaliteeti.    <\/p>\n","protected":false},"featured_media":32143,"comment_status":"closed","ping_status":"open","template":"","meta":[],"product_brand":[],"product_cat":[15],"product_tag":[],"class_list":{"0":"post-177839","1":"product","2":"type-product","3":"status-publish","4":"has-post-thumbnail","6":"product_cat-uncategorized","8":"first","9":"instock","10":"taxable","11":"shipping-taxable","12":"purchasable","13":"product-type-variable"},"_links":{"self":[{"href":"https:\/\/www.propromo.ee\/et\/wp-json\/wp\/v2\/product\/177839","targetHints":{"allow":["GET"]}}],"collection":[{"href":"https:\/\/www.propromo.ee\/et\/wp-json\/wp\/v2\/product"}],"about":[{"href":"https:\/\/www.propromo.ee\/et\/wp-json\/wp\/v2\/types\/product"}],"replies":[{"embeddable":true,"href":"https:\/\/www.propromo.ee\/et\/wp-json\/wp\/v2\/comments?post=177839"}],"wp:featuredmedia":[{"embeddable":true,"href":"https:\/\/www.propromo.ee\/et\/wp-json\/wp\/v2\/media\/32143"}],"wp:attachment":[{"href":"https:\/\/www.propromo.ee\/et\/wp-json\/wp\/v2\/media?parent=177839"}],"wp:term":[{"taxonomy":"product_brand","embeddable":true,"href":"https:\/\/www.propromo.ee\/et\/wp-json\/wp\/v2\/product_brand?post=177839"},{"taxonomy":"product_cat","embeddable":true,"href":"https:\/\/www.propromo.ee\/et\/wp-json\/wp\/v2\/product_cat?post=177839"},{"taxonomy":"product_tag","embeddable":true,"href":"https:\/\/www.propromo.ee\/et\/wp-json\/wp\/v2\/product_tag?post=177839"}],"curies":[{"name":"wp","href":"https:\/\/api.w.org\/{rel}","templated":true}]}}