{"id":177867,"date":"2024-01-08T22:25:47","date_gmt":"2024-01-08T22:25:47","guid":{"rendered":"https:\/\/www.propromo.ee\/product\/stantoni-naiste-v-kaelusega-pullover\/"},"modified":"2024-01-08T22:25:47","modified_gmt":"2024-01-08T22:25:47","slug":"stantoni-naiste-v-kaelusega-pullover","status":"publish","type":"product","link":"https:\/\/www.propromo.ee\/et\/toode\/stantoni-naiste-v-kaelusega-pullover\/","title":{"rendered":"Stantoni naiste v-kaelusega pullover"},"content":{"rendered":"<p>Stantoni naiste v-kaelusega pullover \u2013 t\u00e4iuslik segu rafineeritusest ja klassikalisest v-kaelusega disainist. Lame kootud soonikkrae, k\u00e4tised ja alumine \u00e4\u00e4r mitte ainult ei t\u00f5sta selle esteetilist v\u00e4limust, vaid pakuvad ka p\u00fcsivat mugavust. Valmistatud viskoosi ja nailoni segust 12-m\u00f5\u00f5dus lamedas kudumis, saavutab see pullover ideaalse tasakaalu stiili ja funktsionaalsuse vahel. Selle tulemuseks on siledam ja rafineeritum kangas, mis sobib suurep\u00e4raselt nii ametlikeks puhkudeks kui ka teie igap\u00e4evase komplekti t\u00e4iustamiseks. See pullover on kujundatud liibuva kujuga, et anda naiselik v\u00e4limus.    <\/p>\n","protected":false},"excerpt":{"rendered":"<p>Stantoni naiste v-kaelusega pullover \u2013 t\u00e4iuslik segu rafineeritusest ja klassikalisest v-kaelusega disainist. Lame kootud soonikkrae, k\u00e4tised ja alumine \u00e4\u00e4r mitte ainult ei t\u00f5sta selle esteetilist v\u00e4limust, vaid pakuvad ka p\u00fcsivat mugavust. Valmistatud viskoosi ja nailoni segust 12-m\u00f5\u00f5dus lamedas kudumis, saavutab see pullover ideaalse tasakaalu stiili ja funktsionaalsuse vahel. Selle tulemuseks on siledam ja rafineeritum kangas, mis sobib suurep\u00e4raselt nii ametlikeks puhkudeks kui ka teie igap\u00e4evase komplekti t\u00e4iustamiseks. See pullover on kujundatud liibuva kujuga, et anda naiselik v\u00e4limus.    <\/p>\n","protected":false},"featured_media":0,"comment_status":"closed","ping_status":"open","template":"","meta":[],"product_brand":[],"product_cat":[15],"product_tag":[],"class_list":{"0":"post-177867","1":"product","2":"type-product","3":"status-publish","5":"product_cat-uncategorized","7":"first","8":"instock","9":"taxable","10":"shipping-taxable","11":"purchasable","12":"product-type-variable"},"_links":{"self":[{"href":"https:\/\/www.propromo.ee\/et\/wp-json\/wp\/v2\/product\/177867","targetHints":{"allow":["GET"]}}],"collection":[{"href":"https:\/\/www.propromo.ee\/et\/wp-json\/wp\/v2\/product"}],"about":[{"href":"https:\/\/www.propromo.ee\/et\/wp-json\/wp\/v2\/types\/product"}],"replies":[{"embeddable":true,"href":"https:\/\/www.propromo.ee\/et\/wp-json\/wp\/v2\/comments?post=177867"}],"wp:attachment":[{"href":"https:\/\/www.propromo.ee\/et\/wp-json\/wp\/v2\/media?parent=177867"}],"wp:term":[{"taxonomy":"product_brand","embeddable":true,"href":"https:\/\/www.propromo.ee\/et\/wp-json\/wp\/v2\/product_brand?post=177867"},{"taxonomy":"product_cat","embeddable":true,"href":"https:\/\/www.propromo.ee\/et\/wp-json\/wp\/v2\/product_cat?post=177867"},{"taxonomy":"product_tag","embeddable":true,"href":"https:\/\/www.propromo.ee\/et\/wp-json\/wp\/v2\/product_tag?post=177867"}],"curies":[{"name":"wp","href":"https:\/\/api.w.org\/{rel}","templated":true}]}}