{"id":180485,"date":"2025-03-04T04:02:56","date_gmt":"2025-03-04T04:02:56","guid":{"rendered":"https:\/\/www.propromo.ee\/product\/kruus-clear\/"},"modified":"2025-04-21T06:14:41","modified_gmt":"2025-04-21T06:14:41","slug":"kruus-clear","status":"publish","type":"product","link":"https:\/\/www.propromo.ee\/et\/toode\/kruus-clear\/","title":{"rendered":"Kruus Clear"},"content":{"rendered":"<p>Klassikaline klaasist kruus. Seda toodet m\u00fc\u00fcme ainult koos tr\u00fckkimisega ja tr\u00fckihind on juba hinna sees. V\u00f5imalik nimega isikup\u00e4rastamine.  <\/p>\n","protected":false},"excerpt":{"rendered":"<p>Klassikaline klaasist kruus. Seda toodet m\u00fc\u00fcme ainult koos tr\u00fckkimisega ja tr\u00fckihind on juba hinna sees. V\u00f5imalik nimega isikup\u00e4rastamine.  <\/p>\n","protected":false},"featured_media":121857,"comment_status":"closed","ping_status":"open","template":"","meta":[],"product_brand":[],"product_cat":[15],"product_tag":[],"class_list":{"0":"post-180485","1":"product","2":"type-product","3":"status-publish","4":"has-post-thumbnail","6":"product_cat-uncategorized","8":"first","9":"instock","10":"taxable","11":"shipping-taxable","12":"purchasable","13":"product-type-simple"},"_links":{"self":[{"href":"https:\/\/www.propromo.ee\/et\/wp-json\/wp\/v2\/product\/180485","targetHints":{"allow":["GET"]}}],"collection":[{"href":"https:\/\/www.propromo.ee\/et\/wp-json\/wp\/v2\/product"}],"about":[{"href":"https:\/\/www.propromo.ee\/et\/wp-json\/wp\/v2\/types\/product"}],"replies":[{"embeddable":true,"href":"https:\/\/www.propromo.ee\/et\/wp-json\/wp\/v2\/comments?post=180485"}],"wp:featuredmedia":[{"embeddable":true,"href":"https:\/\/www.propromo.ee\/et\/wp-json\/wp\/v2\/media\/121857"}],"wp:attachment":[{"href":"https:\/\/www.propromo.ee\/et\/wp-json\/wp\/v2\/media?parent=180485"}],"wp:term":[{"taxonomy":"product_brand","embeddable":true,"href":"https:\/\/www.propromo.ee\/et\/wp-json\/wp\/v2\/product_brand?post=180485"},{"taxonomy":"product_cat","embeddable":true,"href":"https:\/\/www.propromo.ee\/et\/wp-json\/wp\/v2\/product_cat?post=180485"},{"taxonomy":"product_tag","embeddable":true,"href":"https:\/\/www.propromo.ee\/et\/wp-json\/wp\/v2\/product_tag?post=180485"}],"curies":[{"name":"wp","href":"https:\/\/api.w.org\/{rel}","templated":true}]}}