{"id":180521,"date":"2024-06-19T08:44:21","date_gmt":"2024-06-19T08:44:21","guid":{"rendered":"https:\/\/www.propromo.ee\/product\/kruus-windsor\/"},"modified":"2024-06-19T08:44:21","modified_gmt":"2024-06-19T08:44:21","slug":"kruus-windsor","status":"publish","type":"product","link":"https:\/\/www.propromo.ee\/et\/toode\/kruus-windsor\/","title":{"rendered":"Kruus Windsor"},"content":{"rendered":"<p>Valge kruus sublimatsioontr\u00fckkimiseks. \u00dclemine serv on veidi kaardus. See kruus on saadaval ainult koos tr\u00fckiga. Tr\u00fckk sisaldub hinnas. Ideaalne toode ka nimega personaliseerimiseks.    <\/p>\n","protected":false},"excerpt":{"rendered":"<p>Valge kruus sublimatsioontr\u00fckkimiseks. \u00dclemine serv on veidi kaardus. See kruus on saadaval ainult koos tr\u00fckiga. Tr\u00fckk sisaldub hinnas. Ideaalne toode ka nimega personaliseerimiseks.    <\/p>\n","protected":false},"featured_media":121548,"comment_status":"closed","ping_status":"open","template":"","meta":[],"product_brand":[],"product_cat":[15],"product_tag":[],"class_list":{"0":"post-180521","1":"product","2":"type-product","3":"status-publish","4":"has-post-thumbnail","6":"product_cat-uncategorized","8":"first","9":"instock","10":"taxable","11":"shipping-taxable","12":"purchasable","13":"product-type-simple"},"_links":{"self":[{"href":"https:\/\/www.propromo.ee\/et\/wp-json\/wp\/v2\/product\/180521","targetHints":{"allow":["GET"]}}],"collection":[{"href":"https:\/\/www.propromo.ee\/et\/wp-json\/wp\/v2\/product"}],"about":[{"href":"https:\/\/www.propromo.ee\/et\/wp-json\/wp\/v2\/types\/product"}],"replies":[{"embeddable":true,"href":"https:\/\/www.propromo.ee\/et\/wp-json\/wp\/v2\/comments?post=180521"}],"wp:featuredmedia":[{"embeddable":true,"href":"https:\/\/www.propromo.ee\/et\/wp-json\/wp\/v2\/media\/121548"}],"wp:attachment":[{"href":"https:\/\/www.propromo.ee\/et\/wp-json\/wp\/v2\/media?parent=180521"}],"wp:term":[{"taxonomy":"product_brand","embeddable":true,"href":"https:\/\/www.propromo.ee\/et\/wp-json\/wp\/v2\/product_brand?post=180521"},{"taxonomy":"product_cat","embeddable":true,"href":"https:\/\/www.propromo.ee\/et\/wp-json\/wp\/v2\/product_cat?post=180521"},{"taxonomy":"product_tag","embeddable":true,"href":"https:\/\/www.propromo.ee\/et\/wp-json\/wp\/v2\/product_tag?post=180521"}],"curies":[{"name":"wp","href":"https:\/\/api.w.org\/{rel}","templated":true}]}}