{"id":180528,"date":"2024-07-02T04:01:16","date_gmt":"2024-07-02T04:01:16","guid":{"rendered":"https:\/\/www.propromo.ee\/product\/kruus-heart\/"},"modified":"2025-04-21T06:20:44","modified_gmt":"2025-04-21T06:20:44","slug":"kruus-heart","status":"publish","type":"product","link":"https:\/\/www.propromo.ee\/et\/toode\/kruus-heart\/","title":{"rendered":"Kruus Heart"},"content":{"rendered":"<p>Valge s\u00fcdamekujulise k\u00e4epidemega kruus. Sobib sublimatsioontr\u00fckkimiseks. See toode on saadaval ainult koos printimisega. Printimine on juba hinnas. V\u00f5imalik nimega isikup\u00e4rastamine.    <\/p>\n","protected":false},"excerpt":{"rendered":"<p>Valge s\u00fcdamekujulise k\u00e4epidemega kruus. Sobib sublimatsioontr\u00fckkimiseks. See toode on saadaval ainult koos printimisega. Printimine on juba hinnas. V\u00f5imalik nimega isikup\u00e4rastamine.    <\/p>\n","protected":false},"featured_media":121554,"comment_status":"closed","ping_status":"open","template":"","meta":[],"product_brand":[],"product_cat":[15],"product_tag":[],"class_list":{"0":"post-180528","1":"product","2":"type-product","3":"status-publish","4":"has-post-thumbnail","6":"product_cat-uncategorized","8":"first","9":"instock","10":"taxable","11":"shipping-taxable","12":"purchasable","13":"product-type-simple"},"_links":{"self":[{"href":"https:\/\/www.propromo.ee\/et\/wp-json\/wp\/v2\/product\/180528","targetHints":{"allow":["GET"]}}],"collection":[{"href":"https:\/\/www.propromo.ee\/et\/wp-json\/wp\/v2\/product"}],"about":[{"href":"https:\/\/www.propromo.ee\/et\/wp-json\/wp\/v2\/types\/product"}],"replies":[{"embeddable":true,"href":"https:\/\/www.propromo.ee\/et\/wp-json\/wp\/v2\/comments?post=180528"}],"wp:featuredmedia":[{"embeddable":true,"href":"https:\/\/www.propromo.ee\/et\/wp-json\/wp\/v2\/media\/121554"}],"wp:attachment":[{"href":"https:\/\/www.propromo.ee\/et\/wp-json\/wp\/v2\/media?parent=180528"}],"wp:term":[{"taxonomy":"product_brand","embeddable":true,"href":"https:\/\/www.propromo.ee\/et\/wp-json\/wp\/v2\/product_brand?post=180528"},{"taxonomy":"product_cat","embeddable":true,"href":"https:\/\/www.propromo.ee\/et\/wp-json\/wp\/v2\/product_cat?post=180528"},{"taxonomy":"product_tag","embeddable":true,"href":"https:\/\/www.propromo.ee\/et\/wp-json\/wp\/v2\/product_tag?post=180528"}],"curies":[{"name":"wp","href":"https:\/\/api.w.org\/{rel}","templated":true}]}}