{"id":180533,"date":"2024-07-02T04:01:16","date_gmt":"2024-07-02T04:01:16","guid":{"rendered":"https:\/\/www.propromo.ee\/product\/kruus-classic\/"},"modified":"2025-04-21T06:19:21","modified_gmt":"2025-04-21T06:19:21","slug":"kruus-classic","status":"publish","type":"product","link":"https:\/\/www.propromo.ee\/et\/toode\/kruus-classic\/","title":{"rendered":"Kruus Classic"},"content":{"rendered":"<p>Klassikaline kruus sublimatsioontr\u00fckkimiseks. Seda toodet m\u00fc\u00fcme ainult koos tr\u00fckiga, mis on juba hinnas. V\u00f5imalik nimega isikup\u00e4rastamine.  <\/p>\n","protected":false},"excerpt":{"rendered":"<p>Klassikaline kruus sublimatsioontr\u00fckkimiseks. Seda toodet m\u00fc\u00fcme ainult koos tr\u00fckiga, mis on juba hinnas. V\u00f5imalik nimega isikup\u00e4rastamine.  <\/p>\n","protected":false},"featured_media":121433,"comment_status":"closed","ping_status":"open","template":"","meta":[],"product_brand":[],"product_cat":[15],"product_tag":[],"class_list":{"0":"post-180533","1":"product","2":"type-product","3":"status-publish","4":"has-post-thumbnail","6":"product_cat-uncategorized","8":"first","9":"instock","10":"taxable","11":"shipping-taxable","12":"purchasable","13":"product-type-simple"},"_links":{"self":[{"href":"https:\/\/www.propromo.ee\/et\/wp-json\/wp\/v2\/product\/180533","targetHints":{"allow":["GET"]}}],"collection":[{"href":"https:\/\/www.propromo.ee\/et\/wp-json\/wp\/v2\/product"}],"about":[{"href":"https:\/\/www.propromo.ee\/et\/wp-json\/wp\/v2\/types\/product"}],"replies":[{"embeddable":true,"href":"https:\/\/www.propromo.ee\/et\/wp-json\/wp\/v2\/comments?post=180533"}],"wp:featuredmedia":[{"embeddable":true,"href":"https:\/\/www.propromo.ee\/et\/wp-json\/wp\/v2\/media\/121433"}],"wp:attachment":[{"href":"https:\/\/www.propromo.ee\/et\/wp-json\/wp\/v2\/media?parent=180533"}],"wp:term":[{"taxonomy":"product_brand","embeddable":true,"href":"https:\/\/www.propromo.ee\/et\/wp-json\/wp\/v2\/product_brand?post=180533"},{"taxonomy":"product_cat","embeddable":true,"href":"https:\/\/www.propromo.ee\/et\/wp-json\/wp\/v2\/product_cat?post=180533"},{"taxonomy":"product_tag","embeddable":true,"href":"https:\/\/www.propromo.ee\/et\/wp-json\/wp\/v2\/product_tag?post=180533"}],"curies":[{"name":"wp","href":"https:\/\/api.w.org\/{rel}","templated":true}]}}