{"id":180546,"date":"2024-11-27T04:01:12","date_gmt":"2024-11-27T04:01:12","guid":{"rendered":"https:\/\/www.propromo.ee\/product\/kruus-latte\/"},"modified":"2025-04-21T06:18:26","modified_gmt":"2025-04-21T06:18:26","slug":"kruus-latte","status":"publish","type":"product","link":"https:\/\/www.propromo.ee\/et\/toode\/kruus-latte\/","title":{"rendered":"Kruus Latte"},"content":{"rendered":"<p>Latte stiilis valge kruus sublimatsioontr\u00fckkimiseks. See toode on saadaval ainult koos tr\u00fckiga ning tr\u00fcki hind sisaldub hinnas. V\u00f5imalik nimega personaliseerimine.   <\/p>\n","protected":false},"excerpt":{"rendered":"<p>Latte stiilis valge kruus sublimatsioontr\u00fckkimiseks. See toode on saadaval ainult koos tr\u00fckiga ning tr\u00fcki hind sisaldub hinnas. V\u00f5imalik nimega personaliseerimine.   <\/p>\n","protected":false},"featured_media":121542,"comment_status":"closed","ping_status":"open","template":"","meta":[],"product_brand":[],"product_cat":[15],"product_tag":[],"class_list":{"0":"post-180546","1":"product","2":"type-product","3":"status-publish","4":"has-post-thumbnail","6":"product_cat-uncategorized","8":"first","9":"instock","10":"taxable","11":"shipping-taxable","12":"purchasable","13":"product-type-simple"},"_links":{"self":[{"href":"https:\/\/www.propromo.ee\/et\/wp-json\/wp\/v2\/product\/180546","targetHints":{"allow":["GET"]}}],"collection":[{"href":"https:\/\/www.propromo.ee\/et\/wp-json\/wp\/v2\/product"}],"about":[{"href":"https:\/\/www.propromo.ee\/et\/wp-json\/wp\/v2\/types\/product"}],"replies":[{"embeddable":true,"href":"https:\/\/www.propromo.ee\/et\/wp-json\/wp\/v2\/comments?post=180546"}],"wp:featuredmedia":[{"embeddable":true,"href":"https:\/\/www.propromo.ee\/et\/wp-json\/wp\/v2\/media\/121542"}],"wp:attachment":[{"href":"https:\/\/www.propromo.ee\/et\/wp-json\/wp\/v2\/media?parent=180546"}],"wp:term":[{"taxonomy":"product_brand","embeddable":true,"href":"https:\/\/www.propromo.ee\/et\/wp-json\/wp\/v2\/product_brand?post=180546"},{"taxonomy":"product_cat","embeddable":true,"href":"https:\/\/www.propromo.ee\/et\/wp-json\/wp\/v2\/product_cat?post=180546"},{"taxonomy":"product_tag","embeddable":true,"href":"https:\/\/www.propromo.ee\/et\/wp-json\/wp\/v2\/product_tag?post=180546"}],"curies":[{"name":"wp","href":"https:\/\/api.w.org\/{rel}","templated":true}]}}