{"id":180989,"date":"2024-06-28T18:38:38","date_gmt":"2024-06-28T18:38:38","guid":{"rendered":"https:\/\/www.propromo.ee\/product\/lucky-19-osaline-varvipliiatsi-ja-rasvapliiatsi-komplekt-2\/"},"modified":"2024-06-28T18:38:38","modified_gmt":"2024-06-28T18:38:38","slug":"lucky-19-osaline-varvipliiatsi-ja-rasvapliiatsi-komplekt-2","status":"publish","type":"product","link":"https:\/\/www.propromo.ee\/et\/toode\/lucky-19-osaline-varvipliiatsi-ja-rasvapliiatsi-komplekt-2\/","title":{"rendered":"Lucky 19-osaline v\u00e4rvipliiatsi ja rasvapliiatsi komplekt"},"content":{"rendered":"<p>9 v\u00e4rvilist rasvapliiatsit ja 10 v\u00e4rvilist pliiatsit plastikaknaga pappkarbis. <\/p>\n","protected":false},"excerpt":{"rendered":"<p>9 v\u00e4rvilist rasvapliiatsit ja 10 v\u00e4rvilist pliiatsit plastikaknaga pappkarbis. <\/p>\n","protected":false},"featured_media":10111,"comment_status":"closed","ping_status":"open","template":"","meta":[],"product_brand":[],"product_cat":[15],"product_tag":[],"class_list":{"0":"post-180989","1":"product","2":"type-product","3":"status-publish","4":"has-post-thumbnail","6":"product_cat-uncategorized","8":"first","9":"instock","10":"taxable","11":"shipping-taxable","12":"purchasable","13":"product-type-simple"},"_links":{"self":[{"href":"https:\/\/www.propromo.ee\/et\/wp-json\/wp\/v2\/product\/180989","targetHints":{"allow":["GET"]}}],"collection":[{"href":"https:\/\/www.propromo.ee\/et\/wp-json\/wp\/v2\/product"}],"about":[{"href":"https:\/\/www.propromo.ee\/et\/wp-json\/wp\/v2\/types\/product"}],"replies":[{"embeddable":true,"href":"https:\/\/www.propromo.ee\/et\/wp-json\/wp\/v2\/comments?post=180989"}],"wp:featuredmedia":[{"embeddable":true,"href":"https:\/\/www.propromo.ee\/et\/wp-json\/wp\/v2\/media\/10111"}],"wp:attachment":[{"href":"https:\/\/www.propromo.ee\/et\/wp-json\/wp\/v2\/media?parent=180989"}],"wp:term":[{"taxonomy":"product_brand","embeddable":true,"href":"https:\/\/www.propromo.ee\/et\/wp-json\/wp\/v2\/product_brand?post=180989"},{"taxonomy":"product_cat","embeddable":true,"href":"https:\/\/www.propromo.ee\/et\/wp-json\/wp\/v2\/product_cat?post=180989"},{"taxonomy":"product_tag","embeddable":true,"href":"https:\/\/www.propromo.ee\/et\/wp-json\/wp\/v2\/product_tag?post=180989"}],"curies":[{"name":"wp","href":"https:\/\/api.w.org\/{rel}","templated":true}]}}