{"id":180996,"date":"2024-04-08T23:06:43","date_gmt":"2024-04-08T23:06:43","guid":{"rendered":"https:\/\/www.propromo.ee\/product\/swiss-peak-storm-rcs-taaskasutatud-alumiiniumist-kahe-otsaga-pliiats\/"},"modified":"2024-04-08T23:06:43","modified_gmt":"2024-04-08T23:06:43","slug":"swiss-peak-storm-rcs-taaskasutatud-alumiiniumist-kahe-otsaga-pliiats","status":"publish","type":"product","link":"https:\/\/www.propromo.ee\/et\/toode\/swiss-peak-storm-rcs-taaskasutatud-alumiiniumist-kahe-otsaga-pliiats\/","title":{"rendered":"Swiss Peak Storm RCS taaskasutatud alumiiniumist kahe otsaga pliiats"},"content":{"rendered":"<p>Kogege suurep\u00e4rast kirjutamist selle erakordse pliiatsiga, mis on valmistatud RCS-sertifikaadiga taaskasutatud alumiiniumist. See \u00fchendab stiili ja keskkonnas\u00f5bralikkusega (83% taaskasutatud RCS-i taaskasutatud sertifitseeritud alumiiniumisisaldusega). Pliiatsil on kaks otsa \u2013 \u00fchel pool grafiitots ja teisel pool pastapliiats, mis tagab sinise tindiga sujuva ja t\u00e4pse kirjutamise. Kirjutuslaius 1mm, kirjutuspikkus 1200 meetrit. Selle ainulaadne disain hingab rafineeritult. Pakendatud FSC\u00ae mix musta Swiss Peak kinkekarpi. Kogu taaskasutatud sisaldus kauba kaalu alusel: 83%      <\/p>\n","protected":false},"excerpt":{"rendered":"<p>Kogege suurep\u00e4rast kirjutamist selle erakordse pliiatsiga, mis on valmistatud RCS-sertifikaadiga taaskasutatud alumiiniumist. See \u00fchendab stiili ja keskkonnas\u00f5bralikkusega (83% taaskasutatud RCS-i taaskasutatud sertifitseeritud alumiiniumisisaldusega). Pliiatsil on kaks otsa \u2013 \u00fchel pool grafiitots ja teisel pool pastapliiats, mis tagab sinise tindiga sujuva ja t\u00e4pse kirjutamise. Kirjutuslaius 1mm, kirjutuspikkus 1200 meetrit. Selle ainulaadne disain hingab rafineeritult. Pakendatud FSC\u00ae mix musta Swiss Peak kinkekarpi. Kogu taaskasutatud sisaldus kauba kaalu alusel: 83%      <\/p>\n","protected":false},"featured_media":166032,"comment_status":"closed","ping_status":"open","template":"","meta":[],"product_brand":[],"product_cat":[15],"product_tag":[],"class_list":{"0":"post-180996","1":"product","2":"type-product","3":"status-publish","4":"has-post-thumbnail","6":"product_cat-uncategorized","8":"first","9":"instock","10":"taxable","11":"shipping-taxable","12":"purchasable","13":"product-type-simple"},"_links":{"self":[{"href":"https:\/\/www.propromo.ee\/et\/wp-json\/wp\/v2\/product\/180996","targetHints":{"allow":["GET"]}}],"collection":[{"href":"https:\/\/www.propromo.ee\/et\/wp-json\/wp\/v2\/product"}],"about":[{"href":"https:\/\/www.propromo.ee\/et\/wp-json\/wp\/v2\/types\/product"}],"replies":[{"embeddable":true,"href":"https:\/\/www.propromo.ee\/et\/wp-json\/wp\/v2\/comments?post=180996"}],"wp:featuredmedia":[{"embeddable":true,"href":"https:\/\/www.propromo.ee\/et\/wp-json\/wp\/v2\/media\/166032"}],"wp:attachment":[{"href":"https:\/\/www.propromo.ee\/et\/wp-json\/wp\/v2\/media?parent=180996"}],"wp:term":[{"taxonomy":"product_brand","embeddable":true,"href":"https:\/\/www.propromo.ee\/et\/wp-json\/wp\/v2\/product_brand?post=180996"},{"taxonomy":"product_cat","embeddable":true,"href":"https:\/\/www.propromo.ee\/et\/wp-json\/wp\/v2\/product_cat?post=180996"},{"taxonomy":"product_tag","embeddable":true,"href":"https:\/\/www.propromo.ee\/et\/wp-json\/wp\/v2\/product_tag?post=180996"}],"curies":[{"name":"wp","href":"https:\/\/api.w.org\/{rel}","templated":true}]}}