{"id":199473,"date":"2024-09-06T18:01:05","date_gmt":"2024-09-06T18:01:05","guid":{"rendered":"https:\/\/www.propromo.ee\/product\/brossardi-taistomblukuga-fliisjakk-meestele-2\/"},"modified":"2024-09-06T18:01:05","modified_gmt":"2024-09-06T18:01:05","slug":"brossardi-taistomblukuga-fliisjakk-meestele-2","status":"publish","type":"product","link":"https:\/\/www.propromo.ee\/et\/toode\/brossardi-taistomblukuga-fliisjakk-meestele-2\/","title":{"rendered":"Brossardi t\u00e4ist\u00f5mblukuga fliisjakk meestele"},"content":{"rendered":"<p>Meeste t\u00e4ist\u00f5mblukuga fliisjakk Brossard \u2013 p\u00fcsige stiilselt soe. Sellel jakil, mis on loodud nii mugavuse kui ka funktsionaalsuse tagamiseks, on eesmise keskosa t\u00f5mblukk, mis v\u00f5imaldab h\u00f5lpsat selga- ja mahav\u00f5tmist. Taskud on varustatud lukuga, mis tagavad turvalise hoiustamise. Kontrastv\u00e4rviline elastne k\u00f6ide mitte ainult ei lisa stiili, vaid aitab ka k\u00fclma \u00f5hu v\u00e4ljas hoida. Raglaanvarrukad suurendavad liikuvust ja annavad moodsa v\u00e4limuse. Sisemine tormiklapp koos l\u00f5uakaitsega annab t\u00e4iendava kaitsekihi tuule eest. See 190 g\/m\u00b2 pol\u00fcestermikrofliisist valmistatud jakk on teie parim valik soojuse ja mugavuse tagamiseks, ilma stiilis j\u00e4releandmisi tegemata.      <\/p>\n","protected":false},"excerpt":{"rendered":"<p>Meeste t\u00e4ist\u00f5mblukuga fliisjakk Brossard \u2013 p\u00fcsige stiilselt soe. Sellel jakil, mis on loodud nii mugavuse kui ka funktsionaalsuse tagamiseks, on eesmise keskosa t\u00f5mblukk, mis v\u00f5imaldab h\u00f5lpsat selga- ja mahav\u00f5tmist. Taskud on varustatud lukuga, mis tagavad turvalise hoiustamise. Kontrastv\u00e4rviline elastne k\u00f6ide mitte ainult ei lisa stiili, vaid aitab ka k\u00fclma \u00f5hu v\u00e4ljas hoida. Raglaanvarrukad suurendavad liikuvust ja annavad moodsa v\u00e4limuse. Sisemine tormiklapp koos l\u00f5uakaitsega annab t\u00e4iendava kaitsekihi tuule eest. See 190 g\/m\u00b2 pol\u00fcestermikrofliisist valmistatud jakk on teie parim valik soojuse ja mugavuse tagamiseks, ilma stiilis j\u00e4releandmisi tegemata.      <\/p>\n","protected":false},"featured_media":0,"comment_status":"closed","ping_status":"open","template":"","meta":[],"product_brand":[],"product_cat":[15],"product_tag":[],"class_list":{"0":"post-199473","1":"product","2":"type-product","3":"status-publish","5":"product_cat-uncategorized","7":"first","8":"instock","9":"taxable","10":"shipping-taxable","11":"product-type-variable"},"_links":{"self":[{"href":"https:\/\/www.propromo.ee\/et\/wp-json\/wp\/v2\/product\/199473","targetHints":{"allow":["GET"]}}],"collection":[{"href":"https:\/\/www.propromo.ee\/et\/wp-json\/wp\/v2\/product"}],"about":[{"href":"https:\/\/www.propromo.ee\/et\/wp-json\/wp\/v2\/types\/product"}],"replies":[{"embeddable":true,"href":"https:\/\/www.propromo.ee\/et\/wp-json\/wp\/v2\/comments?post=199473"}],"wp:attachment":[{"href":"https:\/\/www.propromo.ee\/et\/wp-json\/wp\/v2\/media?parent=199473"}],"wp:term":[{"taxonomy":"product_brand","embeddable":true,"href":"https:\/\/www.propromo.ee\/et\/wp-json\/wp\/v2\/product_brand?post=199473"},{"taxonomy":"product_cat","embeddable":true,"href":"https:\/\/www.propromo.ee\/et\/wp-json\/wp\/v2\/product_cat?post=199473"},{"taxonomy":"product_tag","embeddable":true,"href":"https:\/\/www.propromo.ee\/et\/wp-json\/wp\/v2\/product_tag?post=199473"}],"curies":[{"name":"wp","href":"https:\/\/api.w.org\/{rel}","templated":true}]}}