{"id":199517,"date":"2024-08-16T18:24:18","date_gmt":"2024-08-16T18:24:18","guid":{"rendered":"https:\/\/www.propromo.ee\/product\/calgary-luhikeste-varrukatega-naiste-polo-2\/"},"modified":"2024-08-16T18:24:18","modified_gmt":"2024-08-16T18:24:18","slug":"calgary-luhikeste-varrukatega-naiste-polo-2","status":"publish","type":"product","link":"https:\/\/www.propromo.ee\/et\/toode\/calgary-luhikeste-varrukatega-naiste-polo-2\/","title":{"rendered":"Calgary l\u00fchikeste varrukatega naiste polo"},"content":{"rendered":"<p>Calgary l\u00fchikeste varrukatega klassikaline naiste polo, mis \u00fchendab stiili ja mugavuse. Valmistatud 200 g\/m\u00b2 pique trikotaa\u017ekangast, eelkahandatud viimistlusega, tagab t\u00e4iusliku istuvuse, mis kestab ja sobib seet\u00f5ttu erinevateks tegevusteks ja s\u00fcndmusteks. Lamedad kootud sooniku mansetid lisavad rafineeritust ja polo on kujundatud taljesse l\u00f5ikega, mis annab naiseliku viimistluse. Satiinteibiga viimistlusega k\u00fcljel\u00f5hikud ja ahel\u00f5mblusega eesmine \u00f5la\u00f5mblus lisavad paindlikkust ja mugavust. Saadaval erksates v\u00e4rvitoonides.    <\/p>\n","protected":false},"excerpt":{"rendered":"<p>Calgary l\u00fchikeste varrukatega klassikaline naiste polo, mis \u00fchendab stiili ja mugavuse. Valmistatud 200 g\/m\u00b2 pique trikotaa\u017ekangast, eelkahandatud viimistlusega, tagab t\u00e4iusliku istuvuse, mis kestab ja sobib seet\u00f5ttu erinevateks tegevusteks ja s\u00fcndmusteks. Lamedad kootud sooniku mansetid lisavad rafineeritust ja polo on kujundatud taljesse l\u00f5ikega, mis annab naiseliku viimistluse. Satiinteibiga viimistlusega k\u00fcljel\u00f5hikud ja ahel\u00f5mblusega eesmine \u00f5la\u00f5mblus lisavad paindlikkust ja mugavust. Saadaval erksates v\u00e4rvitoonides.    <\/p>\n","protected":false},"featured_media":0,"comment_status":"closed","ping_status":"open","template":"","meta":[],"product_brand":[],"product_cat":[15],"product_tag":[],"class_list":{"0":"post-199517","1":"product","2":"type-product","3":"status-publish","5":"product_cat-uncategorized","7":"first","8":"instock","9":"taxable","10":"shipping-taxable","11":"purchasable","12":"product-type-variable"},"_links":{"self":[{"href":"https:\/\/www.propromo.ee\/et\/wp-json\/wp\/v2\/product\/199517","targetHints":{"allow":["GET"]}}],"collection":[{"href":"https:\/\/www.propromo.ee\/et\/wp-json\/wp\/v2\/product"}],"about":[{"href":"https:\/\/www.propromo.ee\/et\/wp-json\/wp\/v2\/types\/product"}],"replies":[{"embeddable":true,"href":"https:\/\/www.propromo.ee\/et\/wp-json\/wp\/v2\/comments?post=199517"}],"wp:attachment":[{"href":"https:\/\/www.propromo.ee\/et\/wp-json\/wp\/v2\/media?parent=199517"}],"wp:term":[{"taxonomy":"product_brand","embeddable":true,"href":"https:\/\/www.propromo.ee\/et\/wp-json\/wp\/v2\/product_brand?post=199517"},{"taxonomy":"product_cat","embeddable":true,"href":"https:\/\/www.propromo.ee\/et\/wp-json\/wp\/v2\/product_cat?post=199517"},{"taxonomy":"product_tag","embeddable":true,"href":"https:\/\/www.propromo.ee\/et\/wp-json\/wp\/v2\/product_tag?post=199517"}],"curies":[{"name":"wp","href":"https:\/\/api.w.org\/{rel}","templated":true}]}}