{"id":199991,"date":"2024-01-09T23:22:44","date_gmt":"2024-01-09T23:22:44","guid":{"rendered":"https:\/\/www.propromo.ee\/product\/unisex-spordipuksid\/"},"modified":"2024-01-09T23:22:44","modified_gmt":"2024-01-09T23:22:44","slug":"unisex-spordipuksid","status":"publish","type":"product","link":"https:\/\/www.propromo.ee\/et\/toode\/unisex-spordipuksid\/","title":{"rendered":"Unisex spordip\u00fcksid"},"content":{"rendered":"<p>Sisemise libisemiseta spordip\u00fcksid ja reguleeritav n\u00f6\u00f6riga elastne v\u00f6\u00f6koht. Hingav piquee kangas, lihtne pesta ja kuivatada. Eemaldatav etikett. Tehniline kangas.    <\/p>\n","protected":false},"excerpt":{"rendered":"<p>Sisemise libisemiseta spordip\u00fcksid ja reguleeritav n\u00f6\u00f6riga elastne v\u00f6\u00f6koht. Hingav piquee kangas, lihtne pesta ja kuivatada. Eemaldatav etikett. Tehniline kangas.    <\/p>\n","protected":false},"featured_media":0,"comment_status":"closed","ping_status":"open","template":"","meta":[],"product_brand":[],"product_cat":[15],"product_tag":[],"class_list":{"0":"post-199991","1":"product","2":"type-product","3":"status-publish","5":"product_cat-uncategorized","7":"first","8":"instock","9":"taxable","10":"shipping-taxable","11":"purchasable","12":"product-type-variable"},"_links":{"self":[{"href":"https:\/\/www.propromo.ee\/et\/wp-json\/wp\/v2\/product\/199991","targetHints":{"allow":["GET"]}}],"collection":[{"href":"https:\/\/www.propromo.ee\/et\/wp-json\/wp\/v2\/product"}],"about":[{"href":"https:\/\/www.propromo.ee\/et\/wp-json\/wp\/v2\/types\/product"}],"replies":[{"embeddable":true,"href":"https:\/\/www.propromo.ee\/et\/wp-json\/wp\/v2\/comments?post=199991"}],"wp:attachment":[{"href":"https:\/\/www.propromo.ee\/et\/wp-json\/wp\/v2\/media?parent=199991"}],"wp:term":[{"taxonomy":"product_brand","embeddable":true,"href":"https:\/\/www.propromo.ee\/et\/wp-json\/wp\/v2\/product_brand?post=199991"},{"taxonomy":"product_cat","embeddable":true,"href":"https:\/\/www.propromo.ee\/et\/wp-json\/wp\/v2\/product_cat?post=199991"},{"taxonomy":"product_tag","embeddable":true,"href":"https:\/\/www.propromo.ee\/et\/wp-json\/wp\/v2\/product_tag?post=199991"}],"curies":[{"name":"wp","href":"https:\/\/api.w.org\/{rel}","templated":true}]}}