{"id":200875,"date":"2024-01-09T23:20:36","date_gmt":"2024-01-09T23:20:36","guid":{"rendered":"https:\/\/www.propromo.ee\/product\/oslo-naiste-isoleeritud-vest\/"},"modified":"2024-01-09T23:20:36","modified_gmt":"2024-01-09T23:20:36","slug":"oslo-naiste-isoleeritud-vest","status":"publish","type":"product","link":"https:\/\/www.propromo.ee\/et\/toode\/oslo-naiste-isoleeritud-vest\/","title":{"rendered":"Oslo naiste isoleeritud vest"},"content":{"rendered":"<p>Sulevest naistele. Sobivad \u00fcmberp\u00f6\u00f6ratud t\u00f5mblukud. Kaks lukuga esitaskut. Kontrastne sisevooder. All\u00e4\u00e4res sobiv elastne \u00e4\u00e4ris. Kaasas kandekott. Kerge ja kokkupandav r\u00f5ivas. Taljesse l\u00f5ige. Veekindel. Tuulekindel mudel.          <\/p>\n","protected":false},"excerpt":{"rendered":"<p>Sulevest naistele. Sobivad \u00fcmberp\u00f6\u00f6ratud t\u00f5mblukud. Kaks lukuga esitaskut. Kontrastne sisevooder. All\u00e4\u00e4res sobiv elastne \u00e4\u00e4ris. Kaasas kandekott. Kerge ja kokkupandav r\u00f5ivas. Taljesse l\u00f5ige. Veekindel. Tuulekindel mudel.          <\/p>\n","protected":false},"featured_media":0,"comment_status":"closed","ping_status":"open","template":"","meta":[],"product_brand":[],"product_cat":[15],"product_tag":[],"class_list":{"0":"post-200875","1":"product","2":"type-product","3":"status-publish","5":"product_cat-uncategorized","7":"first","8":"instock","9":"taxable","10":"shipping-taxable","11":"purchasable","12":"product-type-variable"},"_links":{"self":[{"href":"https:\/\/www.propromo.ee\/et\/wp-json\/wp\/v2\/product\/200875","targetHints":{"allow":["GET"]}}],"collection":[{"href":"https:\/\/www.propromo.ee\/et\/wp-json\/wp\/v2\/product"}],"about":[{"href":"https:\/\/www.propromo.ee\/et\/wp-json\/wp\/v2\/types\/product"}],"replies":[{"embeddable":true,"href":"https:\/\/www.propromo.ee\/et\/wp-json\/wp\/v2\/comments?post=200875"}],"wp:attachment":[{"href":"https:\/\/www.propromo.ee\/et\/wp-json\/wp\/v2\/media?parent=200875"}],"wp:term":[{"taxonomy":"product_brand","embeddable":true,"href":"https:\/\/www.propromo.ee\/et\/wp-json\/wp\/v2\/product_brand?post=200875"},{"taxonomy":"product_cat","embeddable":true,"href":"https:\/\/www.propromo.ee\/et\/wp-json\/wp\/v2\/product_cat?post=200875"},{"taxonomy":"product_tag","embeddable":true,"href":"https:\/\/www.propromo.ee\/et\/wp-json\/wp\/v2\/product_tag?post=200875"}],"curies":[{"name":"wp","href":"https:\/\/api.w.org\/{rel}","templated":true}]}}