{"id":200916,"date":"2024-01-09T23:16:53","date_gmt":"2024-01-09T23:16:53","guid":{"rendered":"https:\/\/www.propromo.ee\/product\/nevada-unisex-softshell-vest\/"},"modified":"2024-01-09T23:16:53","modified_gmt":"2024-01-09T23:16:53","slug":"nevada-unisex-softshell-vest","status":"publish","type":"product","link":"https:\/\/www.propromo.ee\/et\/toode\/nevada-unisex-softshell-vest\/","title":{"rendered":"Nevada unisex softshell vest"},"content":{"rendered":"<p>2-kihiline softshell. Kontrastne \u00fcmberp\u00f6\u00f6ratud tihendatud efektiga t\u00f5mblukk l\u00f5uakaitse ja t\u00f5mmitsaga. Kolm t\u00f5mblukuga kombineeritud taskut. Elastne n\u00f6\u00f6r ja kinnitused all\u00e4\u00e4res. Veekindel. Tuulekindel mudel.      <\/p>\n","protected":false},"excerpt":{"rendered":"<p>2-kihiline softshell. Kontrastne \u00fcmberp\u00f6\u00f6ratud tihendatud efektiga t\u00f5mblukk l\u00f5uakaitse ja t\u00f5mmitsaga. Kolm t\u00f5mblukuga kombineeritud taskut. Elastne n\u00f6\u00f6r ja kinnitused all\u00e4\u00e4res. Veekindel. Tuulekindel mudel.      <\/p>\n","protected":false},"featured_media":0,"comment_status":"closed","ping_status":"open","template":"","meta":[],"product_brand":[],"product_cat":[15],"product_tag":[],"class_list":{"0":"post-200916","1":"product","2":"type-product","3":"status-publish","5":"product_cat-uncategorized","7":"first","8":"instock","9":"taxable","10":"shipping-taxable","11":"purchasable","12":"product-type-variable"},"_links":{"self":[{"href":"https:\/\/www.propromo.ee\/et\/wp-json\/wp\/v2\/product\/200916","targetHints":{"allow":["GET"]}}],"collection":[{"href":"https:\/\/www.propromo.ee\/et\/wp-json\/wp\/v2\/product"}],"about":[{"href":"https:\/\/www.propromo.ee\/et\/wp-json\/wp\/v2\/types\/product"}],"replies":[{"embeddable":true,"href":"https:\/\/www.propromo.ee\/et\/wp-json\/wp\/v2\/comments?post=200916"}],"wp:attachment":[{"href":"https:\/\/www.propromo.ee\/et\/wp-json\/wp\/v2\/media?parent=200916"}],"wp:term":[{"taxonomy":"product_brand","embeddable":true,"href":"https:\/\/www.propromo.ee\/et\/wp-json\/wp\/v2\/product_brand?post=200916"},{"taxonomy":"product_cat","embeddable":true,"href":"https:\/\/www.propromo.ee\/et\/wp-json\/wp\/v2\/product_cat?post=200916"},{"taxonomy":"product_tag","embeddable":true,"href":"https:\/\/www.propromo.ee\/et\/wp-json\/wp\/v2\/product_tag?post=200916"}],"curies":[{"name":"wp","href":"https:\/\/api.w.org\/{rel}","templated":true}]}}