{"id":203127,"date":"2024-01-09T02:37:45","date_gmt":"2024-01-09T02:37:45","guid":{"rendered":"https:\/\/www.propromo.ee\/product\/pollux-pikkade-varrukatega-naiste-sark\/"},"modified":"2024-01-09T02:37:45","modified_gmt":"2024-01-09T02:37:45","slug":"pollux-pikkade-varrukatega-naiste-sark","status":"publish","type":"product","link":"https:\/\/www.propromo.ee\/et\/toode\/pollux-pikkade-varrukatega-naiste-sark\/","title":{"rendered":"Pollux pikkade varrukatega naiste s\u00e4rk"},"content":{"rendered":"<p>Polluxi pikkade varrukatega naiste s\u00e4rk \u2013 mitmek\u00fclgne segu stiilist ja praktilisusest. See s\u00e4rk on valmistatud vastupidavast 55% puuvillast ja 45% pol\u00fcestrist koosnevast CVC-kangasegust ning pakub kortsumiskindlust ning \u00fchendab vastupidavuse kerge ja pehme tundega. Funktsionaalsuse suurendamiseks on s\u00e4rk varustatud rinnataskuga. Rebitav p\u00f5hisilt sildivabaks mugavuseks. See s\u00e4rk on kujundatud taljesse l\u00f5ikega, et anda naiselik v\u00e4limus.     <\/p>\n","protected":false},"excerpt":{"rendered":"<p>Polluxi pikkade varrukatega naiste s\u00e4rk \u2013 mitmek\u00fclgne segu stiilist ja praktilisusest. See s\u00e4rk on valmistatud vastupidavast 55% puuvillast ja 45% pol\u00fcestrist koosnevast CVC-kangasegust ning pakub kortsumiskindlust ning \u00fchendab vastupidavuse kerge ja pehme tundega. Funktsionaalsuse suurendamiseks on s\u00e4rk varustatud rinnataskuga. Rebitav p\u00f5hisilt sildivabaks mugavuseks. See s\u00e4rk on kujundatud taljesse l\u00f5ikega, et anda naiselik v\u00e4limus.     <\/p>\n","protected":false},"featured_media":0,"comment_status":"closed","ping_status":"open","template":"","meta":[],"product_brand":[],"product_cat":[15],"product_tag":[],"class_list":{"0":"post-203127","1":"product","2":"type-product","3":"status-publish","5":"product_cat-uncategorized","7":"first","8":"instock","9":"taxable","10":"shipping-taxable","11":"purchasable","12":"product-type-variable"},"_links":{"self":[{"href":"https:\/\/www.propromo.ee\/et\/wp-json\/wp\/v2\/product\/203127","targetHints":{"allow":["GET"]}}],"collection":[{"href":"https:\/\/www.propromo.ee\/et\/wp-json\/wp\/v2\/product"}],"about":[{"href":"https:\/\/www.propromo.ee\/et\/wp-json\/wp\/v2\/types\/product"}],"replies":[{"embeddable":true,"href":"https:\/\/www.propromo.ee\/et\/wp-json\/wp\/v2\/comments?post=203127"}],"wp:attachment":[{"href":"https:\/\/www.propromo.ee\/et\/wp-json\/wp\/v2\/media?parent=203127"}],"wp:term":[{"taxonomy":"product_brand","embeddable":true,"href":"https:\/\/www.propromo.ee\/et\/wp-json\/wp\/v2\/product_brand?post=203127"},{"taxonomy":"product_cat","embeddable":true,"href":"https:\/\/www.propromo.ee\/et\/wp-json\/wp\/v2\/product_cat?post=203127"},{"taxonomy":"product_tag","embeddable":true,"href":"https:\/\/www.propromo.ee\/et\/wp-json\/wp\/v2\/product_tag?post=203127"}],"curies":[{"name":"wp","href":"https:\/\/api.w.org\/{rel}","templated":true}]}}